{"id":2680,"date":"2022-07-01T13:15:23","date_gmt":"2022-07-01T13:15:23","guid":{"rendered":"https:\/\/www.itc-elastomeres.com\/research-projects\/"},"modified":"2023-11-22T18:46:00","modified_gmt":"2023-11-22T18:46:00","slug":"research-projects","status":"publish","type":"page","link":"https:\/\/www.itc-elastomeres.com\/en\/research-projects\/","title":{"rendered":"Research projects"},"content":{"rendered":"<div class=\"wpb-content-wrapper\"><p>[vc_row row_height_percent=&#8221;0&#8243; override_padding=&#8221;yes&#8221; h_padding=&#8221;2&#8243; top_padding=&#8221;3&#8243; bottom_padding=&#8221;2&#8243; overlay_alpha=&#8221;50&#8243; gutter_size=&#8221;3&#8243; column_width_percent=&#8221;100&#8243; shift_y=&#8221;0&#8243; z_index=&#8221;0&#8243; uncode_shortcode_id=&#8221;611406&#8243;][vc_column width=&#8221;1\/2&#8243;][vc_custom_heading uncode_shortcode_id=&#8221;194894&#8243;]Projects on tomorrow&#8217;s elastomer solutions[\/vc_custom_heading][vc_column_text uncode_shortcode_id=&#8221;185313&#8243;]With 5% of our turnover invested in research each year, ITC Elastom\u00e8res is an industrial player committed to understanding the behavior of elastomers and developing new materials and processes. Our goal is to always respond better to the current and future needs of our customers with adapted and smart solutions.[\/vc_column_text][vc_custom_heading heading_semantic=&#8221;h3&#8243; text_size=&#8221;h3&#8243; uncode_shortcode_id=&#8221;451169&#8243;]From material to application[\/vc_custom_heading][vc_column_text uncode_shortcode_id=&#8221;121122&#8243; el_class=&#8221;table&#8221;]Equipped with numerous simulation, control and testing tools, the ITC laboratory participates in and initiates numerous collaborative or private research projects in order to validate the physicochemical characteristics of rubber compounds and their behavior in the working environment.<\/p>\n<table class=\"solutions-table\">\n<tbody>\n<tr>\n<td>Materials tests<\/td>\n<td>Density, vulcanization characteristics, Shore\/DIDC hardness, tensile stress-strain characteristics, tear strength, low temperature testing, DRC measurement, resistance to accelerated aging, resistance to liquids<\/td>\n<\/tr>\n<\/tbody>\n<tbody>\n<tr>\n<td>Dimensional control<\/td>\n<td>2D and 3D contactless control means and optical profile projector<\/td>\n<\/tr>\n<\/tbody>\n<tbody>\n<tr>\n<td>Test benches<\/td>\n<td>Airtightness test, watertightness test, tear-off test, mountability test, ad hoc functional tests<\/td>\n<\/tr>\n<\/tbody>\n<\/table>\n<p>[\/vc_column_text][\/vc_column][vc_column width=&#8221;1\/2&#8243;][vc_single_image media=&#8221;1280&#8243; media_width_percent=&#8221;100&#8243; uncode_shortcode_id=&#8221;106002&#8243;][vc_single_image media=&#8221;2635&#8243; media_width_percent=&#8221;100&#8243; uncode_shortcode_id=&#8221;992837&#8243;][\/vc_column][\/vc_row][vc_row row_height_percent=&#8221;0&#8243; override_padding=&#8221;yes&#8221; h_padding=&#8221;2&#8243; top_padding=&#8221;3&#8243; bottom_padding=&#8221;2&#8243; overlay_alpha=&#8221;50&#8243; gutter_size=&#8221;3&#8243; column_width_percent=&#8221;100&#8243; shift_y=&#8221;0&#8243; z_index=&#8221;0&#8243; uncode_shortcode_id=&#8221;138418&#8243;][vc_column column_width_percent=&#8221;100&#8243; gutter_size=&#8221;3&#8243; overlay_alpha=&#8221;50&#8243; shift_x=&#8221;0&#8243; shift_y=&#8221;0&#8243; shift_y_down=&#8221;0&#8243; z_index=&#8221;0&#8243; medium_width=&#8221;0&#8243; mobile_width=&#8221;0&#8243; width=&#8221;1\/1&#8243; uncode_shortcode_id=&#8221;196009&#8243;][vc_custom_heading heading_semantic=&#8221;h3&#8243; uncode_shortcode_id=&#8221;696157&#8243;]Our current research projects[\/vc_custom_heading][\/vc_column][\/vc_row][vc_row row_height_percent=&#8221;0&#8243; override_padding=&#8221;yes&#8221; h_padding=&#8221;2&#8243; top_padding=&#8221;2&#8243; bottom_padding=&#8221;3&#8243; overlay_alpha=&#8221;50&#8243; gutter_size=&#8221;3&#8243; column_width_percent=&#8221;100&#8243; shift_y=&#8221;0&#8243; z_index=&#8221;0&#8243; uncode_shortcode_id=&#8221;804540&#8243; el_id=&#8221;projets-recherche&#8221;][vc_column column_width_percent=&#8221;100&#8243; position_vertical=&#8221;middle&#8221; gutter_size=&#8221;2&#8243; overlay_alpha=&#8221;50&#8243; shift_x=&#8221;0&#8243; shift_y=&#8221;0&#8243; shift_y_down=&#8221;0&#8243; z_index=&#8221;0&#8243; medium_width=&#8221;0&#8243; mobile_width=&#8221;0&#8243; width=&#8221;1\/3&#8243; uncode_shortcode_id=&#8221;402645&#8243;][vc_column_text text_lead=&#8221;yes&#8221; uncode_shortcode_id=&#8221;102563&#8243; el_class=&#8221;en-avant&#8221;]FLAMS (FLuorosilicons Ageing, Mechanics &amp; Synthesis)[\/vc_column_text][vc_single_image media=&#8221;1915&#8243; media_width_percent=&#8221;100&#8243; media_ratio=&#8221;three-two&#8221; uncode_shortcode_id=&#8221;177012&#8243;][vc_custom_heading heading_semantic=&#8221;h3&#8243; text_size=&#8221;h3&#8243; uncode_shortcode_id=&#8221;557110&#8243;]Long-term aging of fluorosilicones (FVMQ)[\/vc_custom_heading][vc_column_text uncode_shortcode_id=&#8221;117055&#8243;]FLAMS (FLuorosilicons Aging, Mechanics &amp; Synthesis) focuses on predicting the lifespan of fluorosilicones via a kinetic approach and identifying end-of-life criteria. The project aims to develop fluorosilicones with better short-term (processability, chemical resistance, mechanical properties) and long-term (aging) properties.[\/vc_column_text][\/vc_column][vc_column column_width_percent=&#8221;100&#8243; gutter_size=&#8221;2&#8243; overlay_alpha=&#8221;50&#8243; shift_x=&#8221;0&#8243; shift_y=&#8221;0&#8243; shift_y_down=&#8221;0&#8243; z_index=&#8221;0&#8243; medium_width=&#8221;0&#8243; mobile_width=&#8221;0&#8243; width=&#8221;1\/3&#8243; uncode_shortcode_id=&#8221;149761&#8243;][vc_column_text text_lead=&#8221;yes&#8221; uncode_shortcode_id=&#8221;201218&#8243; el_class=&#8221;en-avant&#8221;]FabAddSilicone &#8211; Silicone additive manufacturing[\/vc_column_text][vc_single_image media=&#8221;1189&#8243; media_width_percent=&#8221;100&#8243; media_ratio=&#8221;three-two&#8221; uncode_shortcode_id=&#8221;195528&#8243;][vc_custom_heading heading_semantic=&#8221;h3&#8243; text_size=&#8221;h3&#8243; uncode_shortcode_id=&#8221;370466&#8243;]Study of the additive manufacturing of silicone parts[\/vc_custom_heading][vc_column_text uncode_shortcode_id=&#8221;153217&#8243;]The objective of this project is to manufacture technical parts in right material silicone elastomer and to avoid tooling costs for small series parts.[\/vc_column_text][\/vc_column][vc_column column_width_percent=&#8221;100&#8243; gutter_size=&#8221;2&#8243; overlay_alpha=&#8221;50&#8243; shift_x=&#8221;0&#8243; shift_y=&#8221;0&#8243; shift_y_down=&#8221;0&#8243; z_index=&#8221;0&#8243; medium_width=&#8221;0&#8243; mobile_width=&#8221;0&#8243; width=&#8221;1\/3&#8243; uncode_shortcode_id=&#8221;295023&#8243;][vc_column_text text_lead=&#8221;yes&#8221; uncode_shortcode_id=&#8221;104878&#8243; el_class=&#8221;en-avant&#8221;]Smart Rubber[\/vc_column_text][vc_single_image media=&#8221;1281&#8243; media_width_percent=&#8221;100&#8243; media_ratio=&#8221;three-two&#8221; uncode_shortcode_id=&#8221;166573&#8243;][vc_custom_heading heading_semantic=&#8221;h3&#8243; text_size=&#8221;h3&#8243; uncode_shortcode_id=&#8221;879416&#8243;]Elastomer intelligence applied to industrial maintenance[\/vc_custom_heading][vc_column_text uncode_shortcode_id=&#8221;157167&#8243;]ITC is involved in a collaborative predictive maintenance project in the aeronautical field.[\/vc_column_text][\/vc_column][\/vc_row]<\/p>\n<\/div>","protected":false},"excerpt":{"rendered":"<p>[vc_row row_height_percent=&#8221;0&#8243; override_padding=&#8221;yes&#8221; h_padding=&#8221;2&#8243; top_padding=&#8221;3&#8243; bottom_padding=&#8221;2&#8243; overlay_alpha=&#8221;50&#8243; gutter_size=&#8221;3&#8243; column_width_percent=&#8221;100&#8243; shift_y=&#8221;0&#8243; z_index=&#8221;0&#8243; uncode_shortcode_id=&#8221;611406&#8243;][vc_column width=&#8221;1\/2&#8243;][vc_custom_heading uncode_shortcode_id=&#8221;194894&#8243;]Projects on tomorrow&#8217;s elastomer solutions[\/vc_custom_heading][vc_column_text uncode_shortcode_id=&#8221;185313&#8243;]With 5% [&hellip;]<\/p>\n","protected":false},"author":1,"featured_media":1251,"parent":0,"menu_order":0,"comment_status":"closed","ping_status":"closed","template":"","meta":{"_acf_changed":false,"footnotes":""},"class_list":["post-2680","page","type-page","status-publish","has-post-thumbnail","hentry"],"acf":[],"yoast_head":"<!-- This site is optimized with the Yoast SEO plugin v27.5 - https:\/\/yoast.com\/product\/yoast-seo-wordpress\/ -->\n<title>Research projects - ITC \u00c9lastom\u00e8res<\/title>\n<meta name=\"robots\" content=\"index, follow, max-snippet:-1, max-image-preview:large, max-video-preview:-1\" \/>\n<link rel=\"canonical\" href=\"https:\/\/www.itc-elastomeres.com\/en\/research-projects\/\" \/>\n<meta property=\"og:locale\" content=\"en_US\" \/>\n<meta property=\"og:type\" content=\"article\" \/>\n<meta property=\"og:title\" content=\"Research projects - ITC \u00c9lastom\u00e8res\" \/>\n<meta property=\"og:description\" content=\"[vc_row row_height_percent=&#8221;0&#8243; override_padding=&#8221;yes&#8221; h_padding=&#8221;2&#8243; top_padding=&#8221;3&#8243; bottom_padding=&#8221;2&#8243; overlay_alpha=&#8221;50&#8243; gutter_size=&#8221;3&#8243; column_width_percent=&#8221;100&#8243; shift_y=&#8221;0&#8243; z_index=&#8221;0&#8243; uncode_shortcode_id=&#8221;611406&#8243;][vc_column width=&#8221;1\/2&#8243;][vc_custom_heading uncode_shortcode_id=&#8221;194894&#8243;]Projects on tomorrow&#8217;s elastomer solutions[\/vc_custom_heading][vc_column_text uncode_shortcode_id=&#8221;185313&#8243;]With 5% [&hellip;]\" \/>\n<meta property=\"og:url\" content=\"https:\/\/www.itc-elastomeres.com\/en\/research-projects\/\" \/>\n<meta property=\"og:site_name\" content=\"ITC \u00c9lastom\u00e8res\" \/>\n<meta property=\"article:modified_time\" content=\"2023-11-22T18:46:00+00:00\" \/>\n<meta property=\"og:image\" content=\"https:\/\/www.itc-elastomeres.com\/wp-content\/uploads\/2022\/09\/Bandeau-projets-de-recherche.jpg\" \/>\n\t<meta property=\"og:image:width\" content=\"1920\" \/>\n\t<meta property=\"og:image:height\" content=\"600\" \/>\n\t<meta property=\"og:image:type\" content=\"image\/jpeg\" \/>\n<meta name=\"twitter:card\" content=\"summary_large_image\" \/>\n<meta name=\"twitter:label1\" content=\"Est. reading time\" \/>\n\t<meta name=\"twitter:data1\" content=\"4 minutes\" \/>\n<script type=\"application\/ld+json\" class=\"yoast-schema-graph\">{\"@context\":\"https:\\\/\\\/schema.org\",\"@graph\":[{\"@type\":\"WebPage\",\"@id\":\"https:\\\/\\\/www.itc-elastomeres.com\\\/en\\\/research-projects\\\/\",\"url\":\"https:\\\/\\\/www.itc-elastomeres.com\\\/en\\\/research-projects\\\/\",\"name\":\"Research projects - ITC \u00c9lastom\u00e8res\",\"isPartOf\":{\"@id\":\"https:\\\/\\\/www.itc-elastomeres.com\\\/en\\\/#website\"},\"primaryImageOfPage\":{\"@id\":\"https:\\\/\\\/www.itc-elastomeres.com\\\/en\\\/research-projects\\\/#primaryimage\"},\"image\":{\"@id\":\"https:\\\/\\\/www.itc-elastomeres.com\\\/en\\\/research-projects\\\/#primaryimage\"},\"thumbnailUrl\":\"https:\\\/\\\/www.itc-elastomeres.com\\\/wp-content\\\/uploads\\\/2022\\\/09\\\/Bandeau-projets-de-recherche.jpg\",\"datePublished\":\"2022-07-01T13:15:23+00:00\",\"dateModified\":\"2023-11-22T18:46:00+00:00\",\"breadcrumb\":{\"@id\":\"https:\\\/\\\/www.itc-elastomeres.com\\\/en\\\/research-projects\\\/#breadcrumb\"},\"inLanguage\":\"en-US\",\"potentialAction\":[{\"@type\":\"ReadAction\",\"target\":[\"https:\\\/\\\/www.itc-elastomeres.com\\\/en\\\/research-projects\\\/\"]}]},{\"@type\":\"ImageObject\",\"inLanguage\":\"en-US\",\"@id\":\"https:\\\/\\\/www.itc-elastomeres.com\\\/en\\\/research-projects\\\/#primaryimage\",\"url\":\"https:\\\/\\\/www.itc-elastomeres.com\\\/wp-content\\\/uploads\\\/2022\\\/09\\\/Bandeau-projets-de-recherche.jpg\",\"contentUrl\":\"https:\\\/\\\/www.itc-elastomeres.com\\\/wp-content\\\/uploads\\\/2022\\\/09\\\/Bandeau-projets-de-recherche.jpg\",\"width\":1920,\"height\":600},{\"@type\":\"BreadcrumbList\",\"@id\":\"https:\\\/\\\/www.itc-elastomeres.com\\\/en\\\/research-projects\\\/#breadcrumb\",\"itemListElement\":[{\"@type\":\"ListItem\",\"position\":1,\"name\":\"Accueil\",\"item\":\"https:\\\/\\\/www.itc-elastomeres.com\\\/en\\\/home\\\/\"},{\"@type\":\"ListItem\",\"position\":2,\"name\":\"Research projects\"}]},{\"@type\":\"WebSite\",\"@id\":\"https:\\\/\\\/www.itc-elastomeres.com\\\/en\\\/#website\",\"url\":\"https:\\\/\\\/www.itc-elastomeres.com\\\/en\\\/\",\"name\":\"ITC \u00c9lastom\u00e8res\",\"description\":\"L&#039;ing\u00e9nierie \u00e9lastom\u00e8re haute performance\",\"potentialAction\":[{\"@type\":\"SearchAction\",\"target\":{\"@type\":\"EntryPoint\",\"urlTemplate\":\"https:\\\/\\\/www.itc-elastomeres.com\\\/en\\\/?s={search_term_string}\"},\"query-input\":{\"@type\":\"PropertyValueSpecification\",\"valueRequired\":true,\"valueName\":\"search_term_string\"}}],\"inLanguage\":\"en-US\"}]}<\/script>\n<!-- \/ Yoast SEO plugin. -->","yoast_head_json":{"title":"Research projects - ITC \u00c9lastom\u00e8res","robots":{"index":"index","follow":"follow","max-snippet":"max-snippet:-1","max-image-preview":"max-image-preview:large","max-video-preview":"max-video-preview:-1"},"canonical":"https:\/\/www.itc-elastomeres.com\/en\/research-projects\/","og_locale":"en_US","og_type":"article","og_title":"Research projects - ITC \u00c9lastom\u00e8res","og_description":"[vc_row row_height_percent=&#8221;0&#8243; override_padding=&#8221;yes&#8221; h_padding=&#8221;2&#8243; top_padding=&#8221;3&#8243; bottom_padding=&#8221;2&#8243; overlay_alpha=&#8221;50&#8243; gutter_size=&#8221;3&#8243; column_width_percent=&#8221;100&#8243; shift_y=&#8221;0&#8243; z_index=&#8221;0&#8243; uncode_shortcode_id=&#8221;611406&#8243;][vc_column width=&#8221;1\/2&#8243;][vc_custom_heading uncode_shortcode_id=&#8221;194894&#8243;]Projects on tomorrow&#8217;s elastomer solutions[\/vc_custom_heading][vc_column_text uncode_shortcode_id=&#8221;185313&#8243;]With 5% [&hellip;]","og_url":"https:\/\/www.itc-elastomeres.com\/en\/research-projects\/","og_site_name":"ITC \u00c9lastom\u00e8res","article_modified_time":"2023-11-22T18:46:00+00:00","og_image":[{"width":1920,"height":600,"url":"https:\/\/www.itc-elastomeres.com\/wp-content\/uploads\/2022\/09\/Bandeau-projets-de-recherche.jpg","type":"image\/jpeg"}],"twitter_card":"summary_large_image","twitter_misc":{"Est. reading time":"4 minutes"},"schema":{"@context":"https:\/\/schema.org","@graph":[{"@type":"WebPage","@id":"https:\/\/www.itc-elastomeres.com\/en\/research-projects\/","url":"https:\/\/www.itc-elastomeres.com\/en\/research-projects\/","name":"Research projects - ITC \u00c9lastom\u00e8res","isPartOf":{"@id":"https:\/\/www.itc-elastomeres.com\/en\/#website"},"primaryImageOfPage":{"@id":"https:\/\/www.itc-elastomeres.com\/en\/research-projects\/#primaryimage"},"image":{"@id":"https:\/\/www.itc-elastomeres.com\/en\/research-projects\/#primaryimage"},"thumbnailUrl":"https:\/\/www.itc-elastomeres.com\/wp-content\/uploads\/2022\/09\/Bandeau-projets-de-recherche.jpg","datePublished":"2022-07-01T13:15:23+00:00","dateModified":"2023-11-22T18:46:00+00:00","breadcrumb":{"@id":"https:\/\/www.itc-elastomeres.com\/en\/research-projects\/#breadcrumb"},"inLanguage":"en-US","potentialAction":[{"@type":"ReadAction","target":["https:\/\/www.itc-elastomeres.com\/en\/research-projects\/"]}]},{"@type":"ImageObject","inLanguage":"en-US","@id":"https:\/\/www.itc-elastomeres.com\/en\/research-projects\/#primaryimage","url":"https:\/\/www.itc-elastomeres.com\/wp-content\/uploads\/2022\/09\/Bandeau-projets-de-recherche.jpg","contentUrl":"https:\/\/www.itc-elastomeres.com\/wp-content\/uploads\/2022\/09\/Bandeau-projets-de-recherche.jpg","width":1920,"height":600},{"@type":"BreadcrumbList","@id":"https:\/\/www.itc-elastomeres.com\/en\/research-projects\/#breadcrumb","itemListElement":[{"@type":"ListItem","position":1,"name":"Accueil","item":"https:\/\/www.itc-elastomeres.com\/en\/home\/"},{"@type":"ListItem","position":2,"name":"Research projects"}]},{"@type":"WebSite","@id":"https:\/\/www.itc-elastomeres.com\/en\/#website","url":"https:\/\/www.itc-elastomeres.com\/en\/","name":"ITC \u00c9lastom\u00e8res","description":"L&#039;ing\u00e9nierie \u00e9lastom\u00e8re haute performance","potentialAction":[{"@type":"SearchAction","target":{"@type":"EntryPoint","urlTemplate":"https:\/\/www.itc-elastomeres.com\/en\/?s={search_term_string}"},"query-input":{"@type":"PropertyValueSpecification","valueRequired":true,"valueName":"search_term_string"}}],"inLanguage":"en-US"}]}},"_links":{"self":[{"href":"https:\/\/www.itc-elastomeres.com\/en\/wp-json\/wp\/v2\/pages\/2680","targetHints":{"allow":["GET"]}}],"collection":[{"href":"https:\/\/www.itc-elastomeres.com\/en\/wp-json\/wp\/v2\/pages"}],"about":[{"href":"https:\/\/www.itc-elastomeres.com\/en\/wp-json\/wp\/v2\/types\/page"}],"author":[{"embeddable":true,"href":"https:\/\/www.itc-elastomeres.com\/en\/wp-json\/wp\/v2\/users\/1"}],"replies":[{"embeddable":true,"href":"https:\/\/www.itc-elastomeres.com\/en\/wp-json\/wp\/v2\/comments?post=2680"}],"version-history":[{"count":2,"href":"https:\/\/www.itc-elastomeres.com\/en\/wp-json\/wp\/v2\/pages\/2680\/revisions"}],"predecessor-version":[{"id":2682,"href":"https:\/\/www.itc-elastomeres.com\/en\/wp-json\/wp\/v2\/pages\/2680\/revisions\/2682"}],"wp:featuredmedia":[{"embeddable":true,"href":"https:\/\/www.itc-elastomeres.com\/en\/wp-json\/wp\/v2\/media\/1251"}],"wp:attachment":[{"href":"https:\/\/www.itc-elastomeres.com\/en\/wp-json\/wp\/v2\/media?parent=2680"}],"curies":[{"name":"wp","href":"https:\/\/api.w.org\/{rel}","templated":true}]}}