{"id":2673,"date":"2022-07-01T13:15:45","date_gmt":"2022-07-01T13:15:45","guid":{"rendered":"https:\/\/www.itc-elastomeres.com\/our-team\/"},"modified":"2024-07-10T13:03:29","modified_gmt":"2024-07-10T13:03:29","slug":"our-team","status":"publish","type":"page","link":"https:\/\/www.itc-elastomeres.com\/en\/our-team\/","title":{"rendered":"Our Team"},"content":{"rendered":"<div class=\"wpb-content-wrapper\"><p>[vc_row row_height_percent=&#8221;0&#8243; override_padding=&#8221;yes&#8221; h_padding=&#8221;2&#8243; top_padding=&#8221;3&#8243; bottom_padding=&#8221;2&#8243; overlay_alpha=&#8221;50&#8243; gutter_size=&#8221;3&#8243; column_width_percent=&#8221;100&#8243; shift_y=&#8221;0&#8243; z_index=&#8221;0&#8243; uncode_shortcode_id=&#8221;611406&#8243;][vc_column width=&#8221;1\/2&#8243;][vc_single_image media=&#8221;1504&#8243; media_width_percent=&#8221;100&#8243; uncode_shortcode_id=&#8221;199170&#8243;][\/vc_column][vc_column width=&#8221;1\/2&#8243;][vc_custom_heading uncode_shortcode_id=&#8221;185273&#8243;]A team strongly focused on innovation and performance[\/vc_custom_heading][vc_column_text uncode_shortcode_id=&#8221;143418&#8243;]Headed by an expert in elastomers, member of the Polymeris Scientific Council and the Research and Innovation Committee of the French Center for Rubbers and Polymers, the ITC Elastomers management team keeps on developing the the company as a key player in the field of processing high performance technical elastomers.[\/vc_column_text][\/vc_column][\/vc_row][vc_row row_height_percent=&#8221;0&#8243; overlay_alpha=&#8221;50&#8243; gutter_size=&#8221;3&#8243; column_width_percent=&#8221;100&#8243; shift_y=&#8221;0&#8243; z_index=&#8221;0&#8243; uncode_shortcode_id=&#8221;111549&#8243;][vc_column width=&#8221;1\/1&#8243;][vc_gallery el_id=&#8221;gallery-164228&#8243; isotope_mode=&#8221;fitRows&#8221; medias=&#8221;1125,1122,1304,1124,1537&#8243; gutter_size=&#8221;3&#8243; media_items=&#8221;media|nolink|original,title,caption&#8221; screen_lg=&#8221;1000&#8243; screen_md=&#8221;600&#8243; screen_sm=&#8221;480&#8243; single_text=&#8221;under&#8221; single_width=&#8221;3&#8243; images_size=&#8221;two-three&#8221; single_overlay_opacity=&#8221;50&#8243; single_image_coloration=&#8221;desaturated&#8221; single_image_color_anim=&#8221;yes&#8221; single_padding=&#8221;1&#8243; single_title_semantic=&#8221;div&#8221; single_title_dimension=&#8221;h3&#8243; single_meta_custom_typo=&#8221;yes&#8221; single_meta_size=&#8221;large&#8221; single_meta_weight=&#8221;400&#8243; single_border=&#8221;yes&#8221; single_css_animation=&#8221;left-t-right&#8221; uncode_shortcode_id=&#8221;333014&#8243;][\/vc_column][\/vc_row][vc_row row_height_percent=&#8221;0&#8243; override_padding=&#8221;yes&#8221; h_padding=&#8221;2&#8243; top_padding=&#8221;3&#8243; bottom_padding=&#8221;3&#8243; back_color=&#8221;color-gris-clair&#8221; overlay_alpha=&#8221;50&#8243; gutter_size=&#8221;3&#8243; column_width_percent=&#8221;100&#8243; shift_y=&#8221;0&#8243; z_index=&#8221;0&#8243; uncode_shortcode_id=&#8221;189977&#8243; back_color_type=&#8221;uncode-palette&#8221; el_class=&#8221;bg-grey-wave&#8221;][vc_column width=&#8221;1\/2&#8243;][\/vc_column][vc_column width=&#8221;1\/2&#8243;][\/vc_column][\/vc_row]<\/p>\n<\/div>","protected":false},"excerpt":{"rendered":"<p>[vc_row row_height_percent=&#8221;0&#8243; override_padding=&#8221;yes&#8221; h_padding=&#8221;2&#8243; top_padding=&#8221;3&#8243; bottom_padding=&#8221;2&#8243; overlay_alpha=&#8221;50&#8243; gutter_size=&#8221;3&#8243; column_width_percent=&#8221;100&#8243; shift_y=&#8221;0&#8243; z_index=&#8221;0&#8243; uncode_shortcode_id=&#8221;611406&#8243;][vc_column width=&#8221;1\/2&#8243;][vc_single_image media=&#8221;1504&#8243; media_width_percent=&#8221;100&#8243; uncode_shortcode_id=&#8221;199170&#8243;][\/vc_column][vc_column width=&#8221;1\/2&#8243;][vc_custom_heading uncode_shortcode_id=&#8221;185273&#8243;]A team strongly [&hellip;]<\/p>\n","protected":false},"author":1,"featured_media":2247,"parent":0,"menu_order":0,"comment_status":"closed","ping_status":"closed","template":"","meta":{"_acf_changed":false,"footnotes":""},"class_list":["post-2673","page","type-page","status-publish","has-post-thumbnail","hentry"],"acf":[],"yoast_head":"<!-- This site is optimized with the Yoast SEO plugin v27.5 - https:\/\/yoast.com\/product\/yoast-seo-wordpress\/ -->\n<title>Discover the ITC Elastom\u00e8res team<\/title>\n<meta name=\"description\" content=\"Our ITC Elastom\u00e8res teams - support numerous clients from various trades in the production of rubber-based parts\" \/>\n<meta name=\"robots\" content=\"index, follow, max-snippet:-1, max-image-preview:large, max-video-preview:-1\" \/>\n<link rel=\"canonical\" href=\"https:\/\/www.itc-elastomeres.com\/en\/our-team\/\" \/>\n<meta property=\"og:locale\" content=\"en_US\" \/>\n<meta property=\"og:type\" content=\"article\" \/>\n<meta property=\"og:title\" content=\"Discover the ITC Elastom\u00e8res team\" \/>\n<meta property=\"og:description\" content=\"Our ITC Elastom\u00e8res teams - support numerous clients from various trades in the production of rubber-based parts\" \/>\n<meta property=\"og:url\" content=\"https:\/\/www.itc-elastomeres.com\/en\/our-team\/\" \/>\n<meta property=\"og:site_name\" content=\"ITC \u00c9lastom\u00e8res\" \/>\n<meta property=\"article:modified_time\" content=\"2024-07-10T13:03:29+00:00\" \/>\n<meta property=\"og:image\" content=\"https:\/\/www.itc-elastomeres.com\/wp-content\/uploads\/2022\/08\/Bandeau-partenaires.jpg\" \/>\n\t<meta property=\"og:image:width\" content=\"1917\" \/>\n\t<meta property=\"og:image:height\" content=\"602\" \/>\n\t<meta property=\"og:image:type\" content=\"image\/jpeg\" \/>\n<meta name=\"twitter:card\" content=\"summary_large_image\" \/>\n<meta name=\"twitter:label1\" content=\"Est. reading time\" \/>\n\t<meta name=\"twitter:data1\" content=\"1 minute\" \/>\n<script type=\"application\/ld+json\" class=\"yoast-schema-graph\">{\"@context\":\"https:\\\/\\\/schema.org\",\"@graph\":[{\"@type\":\"WebPage\",\"@id\":\"https:\\\/\\\/www.itc-elastomeres.com\\\/en\\\/our-team\\\/\",\"url\":\"https:\\\/\\\/www.itc-elastomeres.com\\\/en\\\/our-team\\\/\",\"name\":\"Discover the ITC Elastom\u00e8res team\",\"isPartOf\":{\"@id\":\"https:\\\/\\\/www.itc-elastomeres.com\\\/en\\\/#website\"},\"primaryImageOfPage\":{\"@id\":\"https:\\\/\\\/www.itc-elastomeres.com\\\/en\\\/our-team\\\/#primaryimage\"},\"image\":{\"@id\":\"https:\\\/\\\/www.itc-elastomeres.com\\\/en\\\/our-team\\\/#primaryimage\"},\"thumbnailUrl\":\"https:\\\/\\\/www.itc-elastomeres.com\\\/wp-content\\\/uploads\\\/2022\\\/08\\\/Bandeau-partenaires.jpg\",\"datePublished\":\"2022-07-01T13:15:45+00:00\",\"dateModified\":\"2024-07-10T13:03:29+00:00\",\"description\":\"Our ITC Elastom\u00e8res teams - support numerous clients from various trades in the production of rubber-based parts\",\"breadcrumb\":{\"@id\":\"https:\\\/\\\/www.itc-elastomeres.com\\\/en\\\/our-team\\\/#breadcrumb\"},\"inLanguage\":\"en-US\",\"potentialAction\":[{\"@type\":\"ReadAction\",\"target\":[\"https:\\\/\\\/www.itc-elastomeres.com\\\/en\\\/our-team\\\/\"]}]},{\"@type\":\"ImageObject\",\"inLanguage\":\"en-US\",\"@id\":\"https:\\\/\\\/www.itc-elastomeres.com\\\/en\\\/our-team\\\/#primaryimage\",\"url\":\"https:\\\/\\\/www.itc-elastomeres.com\\\/wp-content\\\/uploads\\\/2022\\\/08\\\/Bandeau-partenaires.jpg\",\"contentUrl\":\"https:\\\/\\\/www.itc-elastomeres.com\\\/wp-content\\\/uploads\\\/2022\\\/08\\\/Bandeau-partenaires.jpg\",\"width\":1917,\"height\":602},{\"@type\":\"BreadcrumbList\",\"@id\":\"https:\\\/\\\/www.itc-elastomeres.com\\\/en\\\/our-team\\\/#breadcrumb\",\"itemListElement\":[{\"@type\":\"ListItem\",\"position\":1,\"name\":\"Accueil\",\"item\":\"https:\\\/\\\/www.itc-elastomeres.com\\\/en\\\/home\\\/\"},{\"@type\":\"ListItem\",\"position\":2,\"name\":\"Our Team\"}]},{\"@type\":\"WebSite\",\"@id\":\"https:\\\/\\\/www.itc-elastomeres.com\\\/en\\\/#website\",\"url\":\"https:\\\/\\\/www.itc-elastomeres.com\\\/en\\\/\",\"name\":\"ITC \u00c9lastom\u00e8res\",\"description\":\"L&#039;ing\u00e9nierie \u00e9lastom\u00e8re haute performance\",\"potentialAction\":[{\"@type\":\"SearchAction\",\"target\":{\"@type\":\"EntryPoint\",\"urlTemplate\":\"https:\\\/\\\/www.itc-elastomeres.com\\\/en\\\/?s={search_term_string}\"},\"query-input\":{\"@type\":\"PropertyValueSpecification\",\"valueRequired\":true,\"valueName\":\"search_term_string\"}}],\"inLanguage\":\"en-US\"}]}<\/script>\n<!-- \/ Yoast SEO plugin. -->","yoast_head_json":{"title":"Discover the ITC Elastom\u00e8res team","description":"Our ITC Elastom\u00e8res teams - support numerous clients from various trades in the production of rubber-based parts","robots":{"index":"index","follow":"follow","max-snippet":"max-snippet:-1","max-image-preview":"max-image-preview:large","max-video-preview":"max-video-preview:-1"},"canonical":"https:\/\/www.itc-elastomeres.com\/en\/our-team\/","og_locale":"en_US","og_type":"article","og_title":"Discover the ITC Elastom\u00e8res team","og_description":"Our ITC Elastom\u00e8res teams - support numerous clients from various trades in the production of rubber-based parts","og_url":"https:\/\/www.itc-elastomeres.com\/en\/our-team\/","og_site_name":"ITC \u00c9lastom\u00e8res","article_modified_time":"2024-07-10T13:03:29+00:00","og_image":[{"width":1917,"height":602,"url":"https:\/\/www.itc-elastomeres.com\/wp-content\/uploads\/2022\/08\/Bandeau-partenaires.jpg","type":"image\/jpeg"}],"twitter_card":"summary_large_image","twitter_misc":{"Est. reading time":"1 minute"},"schema":{"@context":"https:\/\/schema.org","@graph":[{"@type":"WebPage","@id":"https:\/\/www.itc-elastomeres.com\/en\/our-team\/","url":"https:\/\/www.itc-elastomeres.com\/en\/our-team\/","name":"Discover the ITC Elastom\u00e8res team","isPartOf":{"@id":"https:\/\/www.itc-elastomeres.com\/en\/#website"},"primaryImageOfPage":{"@id":"https:\/\/www.itc-elastomeres.com\/en\/our-team\/#primaryimage"},"image":{"@id":"https:\/\/www.itc-elastomeres.com\/en\/our-team\/#primaryimage"},"thumbnailUrl":"https:\/\/www.itc-elastomeres.com\/wp-content\/uploads\/2022\/08\/Bandeau-partenaires.jpg","datePublished":"2022-07-01T13:15:45+00:00","dateModified":"2024-07-10T13:03:29+00:00","description":"Our ITC Elastom\u00e8res teams - support numerous clients from various trades in the production of rubber-based parts","breadcrumb":{"@id":"https:\/\/www.itc-elastomeres.com\/en\/our-team\/#breadcrumb"},"inLanguage":"en-US","potentialAction":[{"@type":"ReadAction","target":["https:\/\/www.itc-elastomeres.com\/en\/our-team\/"]}]},{"@type":"ImageObject","inLanguage":"en-US","@id":"https:\/\/www.itc-elastomeres.com\/en\/our-team\/#primaryimage","url":"https:\/\/www.itc-elastomeres.com\/wp-content\/uploads\/2022\/08\/Bandeau-partenaires.jpg","contentUrl":"https:\/\/www.itc-elastomeres.com\/wp-content\/uploads\/2022\/08\/Bandeau-partenaires.jpg","width":1917,"height":602},{"@type":"BreadcrumbList","@id":"https:\/\/www.itc-elastomeres.com\/en\/our-team\/#breadcrumb","itemListElement":[{"@type":"ListItem","position":1,"name":"Accueil","item":"https:\/\/www.itc-elastomeres.com\/en\/home\/"},{"@type":"ListItem","position":2,"name":"Our Team"}]},{"@type":"WebSite","@id":"https:\/\/www.itc-elastomeres.com\/en\/#website","url":"https:\/\/www.itc-elastomeres.com\/en\/","name":"ITC \u00c9lastom\u00e8res","description":"L&#039;ing\u00e9nierie \u00e9lastom\u00e8re haute performance","potentialAction":[{"@type":"SearchAction","target":{"@type":"EntryPoint","urlTemplate":"https:\/\/www.itc-elastomeres.com\/en\/?s={search_term_string}"},"query-input":{"@type":"PropertyValueSpecification","valueRequired":true,"valueName":"search_term_string"}}],"inLanguage":"en-US"}]}},"_links":{"self":[{"href":"https:\/\/www.itc-elastomeres.com\/en\/wp-json\/wp\/v2\/pages\/2673","targetHints":{"allow":["GET"]}}],"collection":[{"href":"https:\/\/www.itc-elastomeres.com\/en\/wp-json\/wp\/v2\/pages"}],"about":[{"href":"https:\/\/www.itc-elastomeres.com\/en\/wp-json\/wp\/v2\/types\/page"}],"author":[{"embeddable":true,"href":"https:\/\/www.itc-elastomeres.com\/en\/wp-json\/wp\/v2\/users\/1"}],"replies":[{"embeddable":true,"href":"https:\/\/www.itc-elastomeres.com\/en\/wp-json\/wp\/v2\/comments?post=2673"}],"version-history":[{"count":8,"href":"https:\/\/www.itc-elastomeres.com\/en\/wp-json\/wp\/v2\/pages\/2673\/revisions"}],"predecessor-version":[{"id":2915,"href":"https:\/\/www.itc-elastomeres.com\/en\/wp-json\/wp\/v2\/pages\/2673\/revisions\/2915"}],"wp:featuredmedia":[{"embeddable":true,"href":"https:\/\/www.itc-elastomeres.com\/en\/wp-json\/wp\/v2\/media\/2247"}],"wp:attachment":[{"href":"https:\/\/www.itc-elastomeres.com\/en\/wp-json\/wp\/v2\/media?parent=2673"}],"curies":[{"name":"wp","href":"https:\/\/api.w.org\/{rel}","templated":true}]}}