{"id":2667,"date":"2022-07-01T07:49:52","date_gmt":"2022-07-01T07:49:52","guid":{"rendered":"https:\/\/www.itc-elastomeres.com\/our-company\/"},"modified":"2024-07-10T13:22:59","modified_gmt":"2024-07-10T13:22:59","slug":"our-company","status":"publish","type":"page","link":"https:\/\/www.itc-elastomeres.com\/en\/our-company\/","title":{"rendered":"Our company"},"content":{"rendered":"<div class=\"wpb-content-wrapper\"><p>[vc_row row_height_percent=&#8221;0&#8243; override_padding=&#8221;yes&#8221; h_padding=&#8221;2&#8243; top_padding=&#8221;3&#8243; bottom_padding=&#8221;2&#8243; overlay_alpha=&#8221;50&#8243; gutter_size=&#8221;3&#8243; column_width_percent=&#8221;100&#8243; shift_y=&#8221;0&#8243; z_index=&#8221;0&#8243; uncode_shortcode_id=&#8221;611406&#8243;][vc_column width=&#8221;2\/3&#8243;][vc_custom_heading uncode_shortcode_id=&#8221;128785&#8243;]High performance elastomer engineering at your service[\/vc_custom_heading][vc_column_text uncode_shortcode_id=&#8221;187739&#8243;]Since 1974, ITC \u00c9lastom\u00e8res has specialized in the design and production of technical elastomer parts.<\/p>\n<ul>\n<li><strong>Our ambition<\/strong><br \/>\nCreating a real added value to our customers&#8217; technical parts projects in the field of static and dynamic sealing, fluid transfers and damping.<br \/>\nThanks to our elastomer innovation, co-design, formulation, development and processing capabilities, we give birth to all of our clients&#8217; projects in compliance with their requirements, their deadlines and with the highest level of quality.<\/li>\n<li><strong>Our vision <\/strong><br \/>\nBy leveraging the expertise of our teams, our investments in R&amp;D and in new generation production tools and the strength of our network, ITC wants to become a key player in the field of high-performance technical elastomers processing.<\/li>\n<\/ul>\n<p>[\/vc_column_text][\/vc_column][vc_column width=&#8221;1\/3&#8243;][vc_single_image media=&#8221;1579&#8243; media_width_percent=&#8221;100&#8243; uncode_shortcode_id=&#8221;149831&#8243;][\/vc_column][\/vc_row][vc_row row_height_percent=&#8221;0&#8243; overlay_alpha=&#8221;50&#8243; gutter_size=&#8221;3&#8243; column_width_percent=&#8221;100&#8243; shift_y=&#8221;0&#8243; z_index=&#8221;0&#8243; uncode_shortcode_id=&#8221;203127&#8243; el_class=&#8221;reduced-higlight&#8221;][vc_column column_width_percent=&#8221;100&#8243; align_horizontal=&#8221;align_center&#8221; gutter_size=&#8221;3&#8243; overlay_alpha=&#8221;50&#8243; shift_x=&#8221;0&#8243; shift_y=&#8221;0&#8243; shift_y_down=&#8221;0&#8243; z_index=&#8221;0&#8243; medium_width=&#8221;0&#8243; mobile_width=&#8221;0&#8243; width=&#8221;2\/3&#8243; uncode_shortcode_id=&#8221;495628&#8243;][vc_custom_heading heading_semantic=&#8221;h3&#8243; text_size=&#8221;h3&#8243; uncode_shortcode_id=&#8221;932421&#8243;]ITC \u00c9lastom\u00e8res, talents and know-how[\/vc_custom_heading][vc_column_text uncode_shortcode_id=&#8221;766635&#8243;]<\/p>\n<p style=\"text-align: left;\">&#8220;In line with its strategy, ITC is investing in an ambitious development plan based on innovation in elastomer technologies applied to complex environments while contributing to sustainable development issues.<\/p>\n<p style=\"text-align: left;\">For this, we rely on:<\/p>\n<ul style=\"text-align: left;\">\n<li>the talents of our employees within a human and empowering management<\/li>\n<li>our historical know-how to respond to the challenges of our customers and support them as closely as possible in carrying out their projects.<\/li>\n<\/ul>\n<p style=\"text-align: left;\">Together, let\u2019s move towards the next decade!\u201d<\/p>\n<p style=\"text-align: right;\">Christophe Beauvais<\/p>\n<p>[\/vc_column_text][\/vc_column][vc_column width=&#8221;1\/3&#8243;][vc_single_image media=&#8221;1612&#8243; media_width_percent=&#8221;100&#8243; uncode_shortcode_id=&#8221;169652&#8243;][\/vc_column][\/vc_row][vc_row][vc_column width=&#8221;1\/1&#8243;][vc_custom_heading uncode_shortcode_id=&#8221;397996&#8243;]Our Management team[\/vc_custom_heading][vc_gallery el_id=&#8221;gallery-164228&#8243; type=&#8221;carousel&#8221; medias=&#8221;1125,1122,1304,1124,1537&#8243; carousel_lg=&#8221;3&#8243; carousel_md=&#8221;3&#8243; carousel_sm=&#8221;2&#8243; thumb_size=&#8221;one-one&#8221; gutter_size=&#8221;3&#8243; media_items=&#8221;media|nolink|original,title,caption&#8221; carousel_interval=&#8221;3000&#8243; carousel_navspeed=&#8221;400&#8243; carousel_loop=&#8221;yes&#8221; stage_padding=&#8221;0&#8243; single_text=&#8221;under&#8221; single_overlay_opacity=&#8221;50&#8243; single_image_coloration=&#8221;desaturated&#8221; single_image_color_anim=&#8221;yes&#8221; single_padding=&#8221;1&#8243; single_title_semantic=&#8221;div&#8221; single_title_dimension=&#8221;h3&#8243; single_meta_custom_typo=&#8221;yes&#8221; single_meta_size=&#8221;large&#8221; single_meta_weight=&#8221;400&#8243; single_border=&#8221;yes&#8221; single_css_animation=&#8221;left-t-right&#8221; uncode_shortcode_id=&#8221;191457&#8243; el_class=&#8221;carousel-equipe&#8221;][\/vc_column][\/vc_row][vc_row row_height_percent=&#8221;0&#8243; override_padding=&#8221;yes&#8221; h_padding=&#8221;2&#8243; top_padding=&#8221;3&#8243; bottom_padding=&#8221;2&#8243; overlay_alpha=&#8221;50&#8243; gutter_size=&#8221;3&#8243; column_width_percent=&#8221;100&#8243; shift_y=&#8221;0&#8243; z_index=&#8221;0&#8243; uncode_shortcode_id=&#8221;611406&#8243;][vc_column width=&#8221;1\/1&#8243;][vc_custom_heading uncode_shortcode_id=&#8221;130847&#8243;]Our commitments[\/vc_custom_heading][vc_column_text uncode_shortcode_id=&#8221;112685&#8243;]<span style=\"font-family: -apple-system, BlinkMacSystemFont, 'Segoe UI', Roboto, Oxygen-Sans, Ubuntu, Cantarell, 'Helvetica Neue', sans-serif;\">Supported by our employees, our corporate culture is based on commitments which have constituted our DNA since the creation of the company and which we rely on to grow our company sustainably.<\/span>[\/vc_column_text][\/vc_column][\/vc_row][vc_row row_height_percent=&#8221;0&#8243; overlay_alpha=&#8221;50&#8243; gutter_size=&#8221;3&#8243; column_width_percent=&#8221;100&#8243; shift_y=&#8221;0&#8243; z_index=&#8221;0&#8243; uncode_shortcode_id=&#8221;706267&#8243; el_class=&#8221;engagements-row&#8221;][vc_column column_width_percent=&#8221;100&#8243; position_vertical=&#8221;middle&#8221; gutter_size=&#8221;3&#8243; overlay_alpha=&#8221;50&#8243; shift_x=&#8221;0&#8243; shift_y=&#8221;0&#8243; shift_y_down=&#8221;0&#8243; z_index=&#8221;0&#8243; medium_width=&#8221;0&#8243; mobile_width=&#8221;0&#8243; width=&#8221;1\/4&#8243; uncode_shortcode_id=&#8221;178205&#8243;][vc_column_text text_lead=&#8221;yes&#8221; uncode_shortcode_id=&#8221;528456&#8243; el_class=&#8221;en-avant&#8221;]The culture of excellence[\/vc_column_text][vc_single_image media=&#8221;666&#8243; media_width_percent=&#8221;100&#8243; uncode_shortcode_id=&#8221;169992&#8243;][\/vc_column][vc_column width=&#8221;1\/4&#8243;][vc_custom_heading heading_semantic=&#8221;h3&#8243; text_size=&#8221;h3&#8243; uncode_shortcode_id=&#8221;819180&#8243;]Expertise and quality[\/vc_custom_heading][vc_column_text uncode_shortcode_id=&#8221;929069&#8243;]Since our creation, we have worked successfully for all sectors of excellence such as civil and military aeronautics, the space or high-level motorsport sectors.<\/p>\n<p>Our know-how in co-design, formulation, adhesion, precision molding makes it possible to meet the most complex technical specifications. Our processes and our organization are regularly certified and meet the most demanding quality standards, essential to satisfy <span style=\"font-family: -apple-system, BlinkMacSystemFont, 'Segoe UI', Roboto, Oxygen-Sans, Ubuntu, Cantarell, 'Helvetica Neue', sans-serif;\">our customers.<\/span>[\/vc_column_text][\/vc_column][vc_column width=&#8221;1\/4&#8243;][vc_column_text text_lead=&#8221;yes&#8221; uncode_shortcode_id=&#8221;474537&#8243; el_class=&#8221;en-avant&#8221;]Passion for innovation[\/vc_column_text][vc_single_image media=&#8221;2798&#8243; media_width_percent=&#8221;100&#8243; uncode_shortcode_id=&#8221;550120&#8243;][\/vc_column][vc_column width=&#8221;1\/4&#8243;][vc_custom_heading heading_semantic=&#8221;h3&#8243; text_size=&#8221;h3&#8243; uncode_shortcode_id=&#8221;102662&#8243;]R&amp;D and collaborative projects[\/vc_custom_heading][vc_column_text uncode_shortcode_id=&#8221;181773&#8243;]Looking to the future, the company has a very active R&amp;D unit and solid partnerships with different competitivity clusters, laboratories and universities.<\/p>\n<p>Our teams are made up of experts, all passionate about elastomers and constantly looking for innovations.<\/p>\n<p>We take part in numerous collaborative projects in order to put our expertise at the service of scientific and technological advances in the field of elastomers.[\/vc_column_text][\/vc_column][\/vc_row][vc_row row_height_percent=&#8221;0&#8243; overlay_alpha=&#8221;50&#8243; gutter_size=&#8221;3&#8243; column_width_percent=&#8221;100&#8243; shift_y=&#8221;0&#8243; z_index=&#8221;0&#8243; uncode_shortcode_id=&#8221;282010&#8243; el_class=&#8221;engagements-row&#8221;][vc_column column_width_percent=&#8221;100&#8243; position_vertical=&#8221;middle&#8221; gutter_size=&#8221;3&#8243; overlay_alpha=&#8221;50&#8243; shift_x=&#8221;0&#8243; shift_y=&#8221;0&#8243; shift_y_down=&#8221;0&#8243; z_index=&#8221;0&#8243; medium_width=&#8221;0&#8243; mobile_width=&#8221;0&#8243; width=&#8221;1\/4&#8243; uncode_shortcode_id=&#8221;178205&#8243;][vc_column_text text_lead=&#8221;yes&#8221; uncode_shortcode_id=&#8221;163937&#8243; el_class=&#8221;en-avant&#8221;]Agility at the service of our customers[\/vc_column_text][vc_single_image media=&#8221;2746&#8243; media_width_percent=&#8221;100&#8243; uncode_shortcode_id=&#8221;913662&#8243;][\/vc_column][vc_column width=&#8221;1\/4&#8243;][vc_custom_heading heading_semantic=&#8221;h3&#8243; text_size=&#8221;h3&#8243; uncode_shortcode_id=&#8221;162617&#8243;]Co-design and customer orientation[\/vc_custom_heading][vc_column_text uncode_shortcode_id=&#8221;112554&#8243;]We are committed to building lasting relationships with all our clients. Frequently working in co-design, we do everything we can to satisfy them thanks to our expertise from formulation to elastomer production and customer service that we want to be flawless.<\/p>\n<p>ITC offers technical and economically viable solutions that fit perfectly to your specifications. We have developed a network of solid partners who allow us to offer turnkey sealing or damping solutions to our customers.[\/vc_column_text][\/vc_column][vc_column width=&#8221;1\/4&#8243;][vc_column_text text_lead=&#8221;yes&#8221; uncode_shortcode_id=&#8221;111379&#8243; el_class=&#8221;en-avant&#8221;]All responsible[\/vc_column_text][vc_single_image media=&#8221;2858&#8243; media_width_percent=&#8221;100&#8243; uncode_shortcode_id=&#8221;204669&#8243;][\/vc_column][vc_column width=&#8221;1\/4&#8243;][vc_custom_heading heading_semantic=&#8221;h3&#8243; text_size=&#8221;h3&#8243; uncode_shortcode_id=&#8221;195465&#8243;]Protecting resources[\/vc_custom_heading][vc_column_text uncode_shortcode_id=&#8221;448554&#8243;]We are attentive to the environmental and social issues linked to our activity.<\/p>\n<p>We put people at the heart of our concerns. We promote the professional development of our employees and apply participatory management in order to improve the quality of life at work for the men and women of ITC.<\/p>\n<p>We are constantly seeking to reduce our environmental impact. We use natural rubbers from sustainably managed forests and work to reduce our waste as part of continuous improvement. Furthermore, we participate in research on new rubber formulations containing biosourced and\/or recycled raw materials. We are also launching a materials recycling program using a devulcanization process.[\/vc_column_text][\/vc_column][\/vc_row]<\/p>\n<\/div>","protected":false},"excerpt":{"rendered":"<p>[vc_row row_height_percent=&#8221;0&#8243; override_padding=&#8221;yes&#8221; h_padding=&#8221;2&#8243; top_padding=&#8221;3&#8243; bottom_padding=&#8221;2&#8243; overlay_alpha=&#8221;50&#8243; gutter_size=&#8221;3&#8243; column_width_percent=&#8221;100&#8243; shift_y=&#8221;0&#8243; z_index=&#8221;0&#8243; uncode_shortcode_id=&#8221;611406&#8243;][vc_column width=&#8221;2\/3&#8243;][vc_custom_heading uncode_shortcode_id=&#8221;128785&#8243;]High performance elastomer engineering at your service[\/vc_custom_heading][vc_column_text [&hellip;]<\/p>\n","protected":false},"author":1,"featured_media":2246,"parent":0,"menu_order":0,"comment_status":"closed","ping_status":"closed","template":"","meta":{"_acf_changed":false,"footnotes":""},"class_list":["post-2667","page","type-page","status-publish","has-post-thumbnail","hentry"],"acf":[],"yoast_head":"<!-- This site is optimized with the Yoast SEO plugin v27.4 - https:\/\/yoast.com\/product\/yoast-seo-wordpress\/ -->\n<title>ITC Elastom\u00e8res, rubber manufacturer since 1974<\/title>\n<meta name=\"description\" content=\"ITC Elastomer was created more than 40 years ago and specializes in the manufacturing of rubber and elastomer parts.\" \/>\n<meta name=\"robots\" content=\"index, follow, max-snippet:-1, max-image-preview:large, max-video-preview:-1\" \/>\n<link rel=\"canonical\" href=\"https:\/\/www.itc-elastomeres.com\/en\/our-company\/\" \/>\n<meta property=\"og:locale\" content=\"en_US\" \/>\n<meta property=\"og:type\" content=\"article\" \/>\n<meta property=\"og:title\" content=\"ITC Elastom\u00e8res, rubber manufacturer since 1974\" \/>\n<meta property=\"og:description\" content=\"ITC Elastomer was created more than 40 years ago and specializes in the manufacturing of rubber and elastomer parts.\" \/>\n<meta property=\"og:url\" content=\"https:\/\/www.itc-elastomeres.com\/en\/our-company\/\" \/>\n<meta property=\"og:site_name\" content=\"ITC \u00c9lastom\u00e8res\" \/>\n<meta property=\"article:modified_time\" content=\"2024-07-10T13:22:59+00:00\" \/>\n<meta property=\"og:image\" content=\"https:\/\/www.itc-elastomeres.com\/wp-content\/uploads\/2022\/08\/Bandeau-nos-engagements-1.jpg\" \/>\n\t<meta property=\"og:image:width\" content=\"1917\" \/>\n\t<meta property=\"og:image:height\" content=\"593\" \/>\n\t<meta property=\"og:image:type\" content=\"image\/jpeg\" \/>\n<meta name=\"twitter:card\" content=\"summary_large_image\" \/>\n<meta name=\"twitter:label1\" content=\"Est. reading time\" \/>\n\t<meta name=\"twitter:data1\" content=\"6 minutes\" \/>\n<script type=\"application\/ld+json\" class=\"yoast-schema-graph\">{\"@context\":\"https:\\\/\\\/schema.org\",\"@graph\":[{\"@type\":\"WebPage\",\"@id\":\"https:\\\/\\\/www.itc-elastomeres.com\\\/en\\\/our-company\\\/\",\"url\":\"https:\\\/\\\/www.itc-elastomeres.com\\\/en\\\/our-company\\\/\",\"name\":\"ITC Elastom\u00e8res, rubber manufacturer since 1974\",\"isPartOf\":{\"@id\":\"https:\\\/\\\/www.itc-elastomeres.com\\\/en\\\/#website\"},\"primaryImageOfPage\":{\"@id\":\"https:\\\/\\\/www.itc-elastomeres.com\\\/en\\\/our-company\\\/#primaryimage\"},\"image\":{\"@id\":\"https:\\\/\\\/www.itc-elastomeres.com\\\/en\\\/our-company\\\/#primaryimage\"},\"thumbnailUrl\":\"https:\\\/\\\/www.itc-elastomeres.com\\\/wp-content\\\/uploads\\\/2022\\\/08\\\/Bandeau-nos-engagements-1.jpg\",\"datePublished\":\"2022-07-01T07:49:52+00:00\",\"dateModified\":\"2024-07-10T13:22:59+00:00\",\"description\":\"ITC Elastomer was created more than 40 years ago and specializes in the manufacturing of rubber and elastomer parts.\",\"breadcrumb\":{\"@id\":\"https:\\\/\\\/www.itc-elastomeres.com\\\/en\\\/our-company\\\/#breadcrumb\"},\"inLanguage\":\"en-US\",\"potentialAction\":[{\"@type\":\"ReadAction\",\"target\":[\"https:\\\/\\\/www.itc-elastomeres.com\\\/en\\\/our-company\\\/\"]}]},{\"@type\":\"ImageObject\",\"inLanguage\":\"en-US\",\"@id\":\"https:\\\/\\\/www.itc-elastomeres.com\\\/en\\\/our-company\\\/#primaryimage\",\"url\":\"https:\\\/\\\/www.itc-elastomeres.com\\\/wp-content\\\/uploads\\\/2022\\\/08\\\/Bandeau-nos-engagements-1.jpg\",\"contentUrl\":\"https:\\\/\\\/www.itc-elastomeres.com\\\/wp-content\\\/uploads\\\/2022\\\/08\\\/Bandeau-nos-engagements-1.jpg\",\"width\":1917,\"height\":593},{\"@type\":\"BreadcrumbList\",\"@id\":\"https:\\\/\\\/www.itc-elastomeres.com\\\/en\\\/our-company\\\/#breadcrumb\",\"itemListElement\":[{\"@type\":\"ListItem\",\"position\":1,\"name\":\"Accueil\",\"item\":\"https:\\\/\\\/www.itc-elastomeres.com\\\/en\\\/home\\\/\"},{\"@type\":\"ListItem\",\"position\":2,\"name\":\"Our company\"}]},{\"@type\":\"WebSite\",\"@id\":\"https:\\\/\\\/www.itc-elastomeres.com\\\/en\\\/#website\",\"url\":\"https:\\\/\\\/www.itc-elastomeres.com\\\/en\\\/\",\"name\":\"ITC \u00c9lastom\u00e8res\",\"description\":\"L&#039;ing\u00e9nierie \u00e9lastom\u00e8re haute performance\",\"potentialAction\":[{\"@type\":\"SearchAction\",\"target\":{\"@type\":\"EntryPoint\",\"urlTemplate\":\"https:\\\/\\\/www.itc-elastomeres.com\\\/en\\\/?s={search_term_string}\"},\"query-input\":{\"@type\":\"PropertyValueSpecification\",\"valueRequired\":true,\"valueName\":\"search_term_string\"}}],\"inLanguage\":\"en-US\"}]}<\/script>\n<!-- \/ Yoast SEO plugin. -->","yoast_head_json":{"title":"ITC Elastom\u00e8res, rubber manufacturer since 1974","description":"ITC Elastomer was created more than 40 years ago and specializes in the manufacturing of rubber and elastomer parts.","robots":{"index":"index","follow":"follow","max-snippet":"max-snippet:-1","max-image-preview":"max-image-preview:large","max-video-preview":"max-video-preview:-1"},"canonical":"https:\/\/www.itc-elastomeres.com\/en\/our-company\/","og_locale":"en_US","og_type":"article","og_title":"ITC Elastom\u00e8res, rubber manufacturer since 1974","og_description":"ITC Elastomer was created more than 40 years ago and specializes in the manufacturing of rubber and elastomer parts.","og_url":"https:\/\/www.itc-elastomeres.com\/en\/our-company\/","og_site_name":"ITC \u00c9lastom\u00e8res","article_modified_time":"2024-07-10T13:22:59+00:00","og_image":[{"width":1917,"height":593,"url":"https:\/\/www.itc-elastomeres.com\/wp-content\/uploads\/2022\/08\/Bandeau-nos-engagements-1.jpg","type":"image\/jpeg"}],"twitter_card":"summary_large_image","twitter_misc":{"Est. reading time":"6 minutes"},"schema":{"@context":"https:\/\/schema.org","@graph":[{"@type":"WebPage","@id":"https:\/\/www.itc-elastomeres.com\/en\/our-company\/","url":"https:\/\/www.itc-elastomeres.com\/en\/our-company\/","name":"ITC Elastom\u00e8res, rubber manufacturer since 1974","isPartOf":{"@id":"https:\/\/www.itc-elastomeres.com\/en\/#website"},"primaryImageOfPage":{"@id":"https:\/\/www.itc-elastomeres.com\/en\/our-company\/#primaryimage"},"image":{"@id":"https:\/\/www.itc-elastomeres.com\/en\/our-company\/#primaryimage"},"thumbnailUrl":"https:\/\/www.itc-elastomeres.com\/wp-content\/uploads\/2022\/08\/Bandeau-nos-engagements-1.jpg","datePublished":"2022-07-01T07:49:52+00:00","dateModified":"2024-07-10T13:22:59+00:00","description":"ITC Elastomer was created more than 40 years ago and specializes in the manufacturing of rubber and elastomer parts.","breadcrumb":{"@id":"https:\/\/www.itc-elastomeres.com\/en\/our-company\/#breadcrumb"},"inLanguage":"en-US","potentialAction":[{"@type":"ReadAction","target":["https:\/\/www.itc-elastomeres.com\/en\/our-company\/"]}]},{"@type":"ImageObject","inLanguage":"en-US","@id":"https:\/\/www.itc-elastomeres.com\/en\/our-company\/#primaryimage","url":"https:\/\/www.itc-elastomeres.com\/wp-content\/uploads\/2022\/08\/Bandeau-nos-engagements-1.jpg","contentUrl":"https:\/\/www.itc-elastomeres.com\/wp-content\/uploads\/2022\/08\/Bandeau-nos-engagements-1.jpg","width":1917,"height":593},{"@type":"BreadcrumbList","@id":"https:\/\/www.itc-elastomeres.com\/en\/our-company\/#breadcrumb","itemListElement":[{"@type":"ListItem","position":1,"name":"Accueil","item":"https:\/\/www.itc-elastomeres.com\/en\/home\/"},{"@type":"ListItem","position":2,"name":"Our company"}]},{"@type":"WebSite","@id":"https:\/\/www.itc-elastomeres.com\/en\/#website","url":"https:\/\/www.itc-elastomeres.com\/en\/","name":"ITC \u00c9lastom\u00e8res","description":"L&#039;ing\u00e9nierie \u00e9lastom\u00e8re haute performance","potentialAction":[{"@type":"SearchAction","target":{"@type":"EntryPoint","urlTemplate":"https:\/\/www.itc-elastomeres.com\/en\/?s={search_term_string}"},"query-input":{"@type":"PropertyValueSpecification","valueRequired":true,"valueName":"search_term_string"}}],"inLanguage":"en-US"}]}},"_links":{"self":[{"href":"https:\/\/www.itc-elastomeres.com\/en\/wp-json\/wp\/v2\/pages\/2667","targetHints":{"allow":["GET"]}}],"collection":[{"href":"https:\/\/www.itc-elastomeres.com\/en\/wp-json\/wp\/v2\/pages"}],"about":[{"href":"https:\/\/www.itc-elastomeres.com\/en\/wp-json\/wp\/v2\/types\/page"}],"author":[{"embeddable":true,"href":"https:\/\/www.itc-elastomeres.com\/en\/wp-json\/wp\/v2\/users\/1"}],"replies":[{"embeddable":true,"href":"https:\/\/www.itc-elastomeres.com\/en\/wp-json\/wp\/v2\/comments?post=2667"}],"version-history":[{"count":15,"href":"https:\/\/www.itc-elastomeres.com\/en\/wp-json\/wp\/v2\/pages\/2667\/revisions"}],"predecessor-version":[{"id":2924,"href":"https:\/\/www.itc-elastomeres.com\/en\/wp-json\/wp\/v2\/pages\/2667\/revisions\/2924"}],"wp:featuredmedia":[{"embeddable":true,"href":"https:\/\/www.itc-elastomeres.com\/en\/wp-json\/wp\/v2\/media\/2246"}],"wp:attachment":[{"href":"https:\/\/www.itc-elastomeres.com\/en\/wp-json\/wp\/v2\/media?parent=2667"}],"curies":[{"name":"wp","href":"https:\/\/api.w.org\/{rel}","templated":true}]}}