{"id":2661,"date":"2022-07-01T13:13:29","date_gmt":"2022-07-01T13:13:29","guid":{"rendered":"https:\/\/www.itc-elastomeres.com\/our-design-office\/"},"modified":"2024-07-10T13:21:07","modified_gmt":"2024-07-10T13:21:07","slug":"our-design-office","status":"publish","type":"page","link":"https:\/\/www.itc-elastomeres.com\/en\/our-design-office\/","title":{"rendered":"Our design office"},"content":{"rendered":"<div class=\"wpb-content-wrapper\"><p>[vc_row row_height_percent=&#8221;0&#8243; override_padding=&#8221;yes&#8221; h_padding=&#8221;2&#8243; top_padding=&#8221;3&#8243; bottom_padding=&#8221;2&#8243; overlay_alpha=&#8221;50&#8243; gutter_size=&#8221;3&#8243; column_width_percent=&#8221;100&#8243; shift_y=&#8221;0&#8243; z_index=&#8221;0&#8243; uncode_shortcode_id=&#8221;611406&#8243;][vc_column width=&#8221;1\/2&#8243;][vc_custom_heading uncode_shortcode_id=&#8221;172099&#8243;]Elastomer science applied to your sector[\/vc_custom_heading][vc_column_text uncode_shortcode_id=&#8221;158018&#8243;]We have our own design office integrating the design of parts and tools, simulation techniques and a control laboratory.<\/p>\n<p>Involved as early as possible in industrial projects, we are able to recommend, design and manufacture <strong>innovative sealing, fluid transfer or damping solutions<\/strong> combining multiple technical requirements whatever your sector of activity. .<\/p>\n<p>Thanks to our development and control laboratory, we can:<\/p>\n<ul>\n<li>develop specific elastomer formulations,<\/li>\n<li>characterize their physicochemical properties,<\/li>\n<li>optimize molding processes<\/li>\n<\/ul>\n<p>[\/vc_column_text][\/vc_column][vc_column width=&#8221;1\/2&#8243;][vc_single_image media=&#8221;1171&#8243; media_width_percent=&#8221;100&#8243; uncode_shortcode_id=&#8221;138606&#8243;][\/vc_column][\/vc_row][vc_row row_height_percent=&#8221;0&#8243; overlay_alpha=&#8221;50&#8243; gutter_size=&#8221;3&#8243; column_width_percent=&#8221;100&#8243; shift_y=&#8221;0&#8243; z_index=&#8221;0&#8243; uncode_shortcode_id=&#8221;103143&#8243;][vc_column column_width_percent=&#8221;100&#8243; position_vertical=&#8221;middle&#8221; gutter_size=&#8221;3&#8243; overlay_alpha=&#8221;50&#8243; shift_x=&#8221;0&#8243; shift_y=&#8221;0&#8243; shift_y_down=&#8221;0&#8243; z_index=&#8221;0&#8243; medium_width=&#8221;0&#8243; mobile_width=&#8221;0&#8243; width=&#8221;1\/2&#8243; uncode_shortcode_id=&#8221;178205&#8243;][vc_column_text text_lead=&#8221;yes&#8221; uncode_shortcode_id=&#8221;528407&#8243; el_class=&#8221;en-avant&#8221;]5% of our turnover is dedicated to Research and Development[\/vc_column_text][vc_single_image media=&#8221;666&#8243; media_width_percent=&#8221;100&#8243; uncode_shortcode_id=&#8221;157622&#8243;][vc_custom_heading heading_semantic=&#8221;h3&#8243; text_size=&#8221;h3&#8243; uncode_shortcode_id=&#8221;150994&#8243;]Our prototype department[\/vc_custom_heading][vc_column_text uncode_shortcode_id=&#8221;185351&#8243;]We offer various solutions for creating functional demonstrators and prototypes in the material adapted to your project:<\/p>\n<p><strong>Print reported in carcass<\/strong><\/p>\n<ul>\n<li>Economical solution<\/li>\n<li>Molding in the same material as the series<\/li>\n<li>Short lead times<\/li>\n<\/ul>\n<p><strong>Cut parts<\/strong><\/p>\n<ul>\n<li>By water jet or cutting tool<\/li>\n<li>Production of plates in the same material as that of the series<\/li>\n<li>Economical solution<\/li>\n<\/ul>\n<p><strong>3D SLS (Selective laser Sintering) printing<\/strong><\/p>\n<ul>\n<li>Rapid creation of 3D printing tools<\/li>\n<li>Molding of parts from silicone or PU resin<\/li>\n<li>Economical solution compared to machining a mold<\/li>\n<\/ul>\n<p>[\/vc_column_text][\/vc_column][vc_column width=&#8221;1\/2&#8243;][vc_custom_heading heading_semantic=&#8221;h3&#8243; text_size=&#8221;h3&#8243; uncode_shortcode_id=&#8221;347183&#8243;]Co-design &#8211; ITC&#8217;s expertise at your service[\/vc_custom_heading][vc_column_text uncode_shortcode_id=&#8221;552493&#8243;]Because you know the needs of your markets well, we offer technical support to accelerate the development of solutions adapted to your products and within your budget.<\/p>\n<p>Thus, from formulation to production of parts with or without inserts, we ensure complete management of your sealing, damping, fluid transfer or smart rubber projects.<\/p>\n<p>We have additive manufacturing and 3D design tools to create not only prototypes and interface solutions but also the tools adapted to our different transformation technologies:<\/p>\n<ul>\n<li><span style=\"font-family: -apple-system, BlinkMacSystemFont, 'Segoe UI', Roboto, Oxygen-Sans, Ubuntu, Cantarell, 'Helvetica Neue', sans-serif;\">Compression<\/span><\/li>\n<li>Transfert<\/li>\n<li><span style=\"font-family: -apple-system, BlinkMacSystemFont, 'Segoe UI', Roboto, Oxygen-Sans, Ubuntu, Cantarell, 'Helvetica Neue', sans-serif;\">Injection<\/span><\/li>\n<li>Cutting<\/li>\n<li>LSR (Liquid Silicon Rubber)<\/li>\n<\/ul>\n<p>We constantly adapt and optimize our solutions and our industrial tools to support changes in demand from our customers and the market.<\/p>\n<p>Our experience in co-development, our formulation science and our mastery of various elastomer transformation processes make the ITC team a preferred contact for innovative elastomer solutions at controlled costs.[\/vc_column_text][vc_button button_color=&#8221;color-sable&#8221; border_width=&#8221;0&#8243; button_color_type=&#8221;uncode-palette&#8221; uncode_shortcode_id=&#8221;331308&#8243; link=&#8221;url:https%3A%2F%2Fwww.itc-elastomeres.com%2Fen%2Fcontact-us%2F|title:Contact%20us|&#8221;]Speed up your projects now[\/vc_button][vc_single_image media=&#8221;1189&#8243; media_width_percent=&#8221;100&#8243; uncode_shortcode_id=&#8221;173446&#8243;][\/vc_column][\/vc_row][vc_row row_height_percent=&#8221;0&#8243; override_padding=&#8221;yes&#8221; h_padding=&#8221;2&#8243; top_padding=&#8221;3&#8243; bottom_padding=&#8221;3&#8243; back_color=&#8221;color-gris-clair&#8221; overlay_alpha=&#8221;50&#8243; gutter_size=&#8221;3&#8243; column_width_percent=&#8221;100&#8243; shift_y=&#8221;0&#8243; z_index=&#8221;0&#8243; uncode_shortcode_id=&#8221;189977&#8243; back_color_type=&#8221;uncode-palette&#8221; el_class=&#8221;bg-grey-wave&#8221;][vc_column width=&#8221;1\/1&#8243;][vc_custom_heading heading_semantic=&#8221;h3&#8243; text_size=&#8221;h3&#8243; uncode_shortcode_id=&#8221;733818&#8243;]Some of our skills[\/vc_custom_heading][vc_row_inner][vc_column_inner width=&#8221;1\/4&#8243;][vc_single_image media=&#8221;1210&#8243; media_width_percent=&#8221;100&#8243; uncode_shortcode_id=&#8221;177989&#8243;][vc_column_text uncode_shortcode_id=&#8221;113039&#8243;]Customized formulations[\/vc_column_text][\/vc_column_inner][vc_column_inner width=&#8221;1\/4&#8243;][vc_single_image media=&#8221;1212&#8243; media_width_percent=&#8221;100&#8243; uncode_shortcode_id=&#8221;472679&#8243;][vc_column_text uncode_shortcode_id=&#8221;205382&#8243;]Simulation of flow in imprints[\/vc_column_text][\/vc_column_inner][vc_column_inner width=&#8221;1\/4&#8243;][vc_single_image media=&#8221;1211&#8243; media_width_percent=&#8221;100&#8243; uncode_shortcode_id=&#8221;951791&#8243;][vc_column_text uncode_shortcode_id=&#8221;148774&#8243;]Vulcanization simulation[\/vc_column_text][\/vc_column_inner][vc_column_inner width=&#8221;1\/4&#8243;][vc_single_image media=&#8221;1214&#8243; media_width_percent=&#8221;100&#8243; uncode_shortcode_id=&#8221;159968&#8243;][vc_column_text uncode_shortcode_id=&#8221;536220&#8243;]3D tool design[\/vc_column_text][\/vc_column_inner][\/vc_row_inner][\/vc_column][\/vc_row]<\/p>\n<\/div>","protected":false},"excerpt":{"rendered":"<p>[vc_row row_height_percent=&#8221;0&#8243; override_padding=&#8221;yes&#8221; h_padding=&#8221;2&#8243; top_padding=&#8221;3&#8243; bottom_padding=&#8221;2&#8243; overlay_alpha=&#8221;50&#8243; gutter_size=&#8221;3&#8243; column_width_percent=&#8221;100&#8243; shift_y=&#8221;0&#8243; z_index=&#8221;0&#8243; uncode_shortcode_id=&#8221;611406&#8243;][vc_column width=&#8221;1\/2&#8243;][vc_custom_heading uncode_shortcode_id=&#8221;172099&#8243;]Elastomer science applied to your sector[\/vc_custom_heading][vc_column_text uncode_shortcode_id=&#8221;158018&#8243;]We [&hellip;]<\/p>\n","protected":false},"author":1,"featured_media":0,"parent":0,"menu_order":0,"comment_status":"closed","ping_status":"closed","template":"","meta":{"_acf_changed":false,"footnotes":""},"class_list":["post-2661","page","type-page","status-publish","hentry"],"acf":[],"yoast_head":"<!-- This site is optimized with the Yoast SEO plugin v27.5 - https:\/\/yoast.com\/product\/yoast-seo-wordpress\/ -->\n<title>Design and manufacturing in our design office - ITC Elastomers<\/title>\n<meta name=\"description\" content=\"Manufacturer of elastomer parts we are at your service to support you in your projects - ITC Elastom\u00e8res manufacturer of elastomer rubber materials\" \/>\n<meta name=\"robots\" content=\"index, follow, max-snippet:-1, max-image-preview:large, max-video-preview:-1\" \/>\n<link rel=\"canonical\" href=\"https:\/\/www.itc-elastomeres.com\/en\/our-design-office\/\" \/>\n<meta property=\"og:locale\" content=\"en_US\" \/>\n<meta property=\"og:type\" content=\"article\" \/>\n<meta property=\"og:title\" content=\"Design and manufacturing in our design office - ITC Elastomers\" \/>\n<meta property=\"og:description\" content=\"Manufacturer of elastomer parts we are at your service to support you in your projects - ITC Elastom\u00e8res manufacturer of elastomer rubber materials\" \/>\n<meta property=\"og:url\" content=\"https:\/\/www.itc-elastomeres.com\/en\/our-design-office\/\" \/>\n<meta property=\"og:site_name\" content=\"ITC \u00c9lastom\u00e8res\" \/>\n<meta property=\"article:modified_time\" content=\"2024-07-10T13:21:07+00:00\" \/>\n<meta name=\"twitter:card\" content=\"summary_large_image\" \/>\n<meta name=\"twitter:label1\" content=\"Est. reading time\" \/>\n\t<meta name=\"twitter:data1\" content=\"4 minutes\" \/>\n<script type=\"application\/ld+json\" class=\"yoast-schema-graph\">{\"@context\":\"https:\\\/\\\/schema.org\",\"@graph\":[{\"@type\":\"WebPage\",\"@id\":\"https:\\\/\\\/www.itc-elastomeres.com\\\/en\\\/our-design-office\\\/\",\"url\":\"https:\\\/\\\/www.itc-elastomeres.com\\\/en\\\/our-design-office\\\/\",\"name\":\"Design and manufacturing in our design office - ITC Elastomers\",\"isPartOf\":{\"@id\":\"https:\\\/\\\/www.itc-elastomeres.com\\\/en\\\/#website\"},\"datePublished\":\"2022-07-01T13:13:29+00:00\",\"dateModified\":\"2024-07-10T13:21:07+00:00\",\"description\":\"Manufacturer of elastomer parts we are at your service to support you in your projects - ITC Elastom\u00e8res manufacturer of elastomer rubber materials\",\"breadcrumb\":{\"@id\":\"https:\\\/\\\/www.itc-elastomeres.com\\\/en\\\/our-design-office\\\/#breadcrumb\"},\"inLanguage\":\"en-US\",\"potentialAction\":[{\"@type\":\"ReadAction\",\"target\":[\"https:\\\/\\\/www.itc-elastomeres.com\\\/en\\\/our-design-office\\\/\"]}]},{\"@type\":\"BreadcrumbList\",\"@id\":\"https:\\\/\\\/www.itc-elastomeres.com\\\/en\\\/our-design-office\\\/#breadcrumb\",\"itemListElement\":[{\"@type\":\"ListItem\",\"position\":1,\"name\":\"Accueil\",\"item\":\"https:\\\/\\\/www.itc-elastomeres.com\\\/en\\\/home\\\/\"},{\"@type\":\"ListItem\",\"position\":2,\"name\":\"Our design office\"}]},{\"@type\":\"WebSite\",\"@id\":\"https:\\\/\\\/www.itc-elastomeres.com\\\/en\\\/#website\",\"url\":\"https:\\\/\\\/www.itc-elastomeres.com\\\/en\\\/\",\"name\":\"ITC \u00c9lastom\u00e8res\",\"description\":\"L&#039;ing\u00e9nierie \u00e9lastom\u00e8re haute performance\",\"potentialAction\":[{\"@type\":\"SearchAction\",\"target\":{\"@type\":\"EntryPoint\",\"urlTemplate\":\"https:\\\/\\\/www.itc-elastomeres.com\\\/en\\\/?s={search_term_string}\"},\"query-input\":{\"@type\":\"PropertyValueSpecification\",\"valueRequired\":true,\"valueName\":\"search_term_string\"}}],\"inLanguage\":\"en-US\"}]}<\/script>\n<!-- \/ Yoast SEO plugin. -->","yoast_head_json":{"title":"Design and manufacturing in our design office - ITC Elastomers","description":"Manufacturer of elastomer parts we are at your service to support you in your projects - ITC Elastom\u00e8res manufacturer of elastomer rubber materials","robots":{"index":"index","follow":"follow","max-snippet":"max-snippet:-1","max-image-preview":"max-image-preview:large","max-video-preview":"max-video-preview:-1"},"canonical":"https:\/\/www.itc-elastomeres.com\/en\/our-design-office\/","og_locale":"en_US","og_type":"article","og_title":"Design and manufacturing in our design office - ITC Elastomers","og_description":"Manufacturer of elastomer parts we are at your service to support you in your projects - ITC Elastom\u00e8res manufacturer of elastomer rubber materials","og_url":"https:\/\/www.itc-elastomeres.com\/en\/our-design-office\/","og_site_name":"ITC \u00c9lastom\u00e8res","article_modified_time":"2024-07-10T13:21:07+00:00","twitter_card":"summary_large_image","twitter_misc":{"Est. reading time":"4 minutes"},"schema":{"@context":"https:\/\/schema.org","@graph":[{"@type":"WebPage","@id":"https:\/\/www.itc-elastomeres.com\/en\/our-design-office\/","url":"https:\/\/www.itc-elastomeres.com\/en\/our-design-office\/","name":"Design and manufacturing in our design office - ITC Elastomers","isPartOf":{"@id":"https:\/\/www.itc-elastomeres.com\/en\/#website"},"datePublished":"2022-07-01T13:13:29+00:00","dateModified":"2024-07-10T13:21:07+00:00","description":"Manufacturer of elastomer parts we are at your service to support you in your projects - ITC Elastom\u00e8res manufacturer of elastomer rubber materials","breadcrumb":{"@id":"https:\/\/www.itc-elastomeres.com\/en\/our-design-office\/#breadcrumb"},"inLanguage":"en-US","potentialAction":[{"@type":"ReadAction","target":["https:\/\/www.itc-elastomeres.com\/en\/our-design-office\/"]}]},{"@type":"BreadcrumbList","@id":"https:\/\/www.itc-elastomeres.com\/en\/our-design-office\/#breadcrumb","itemListElement":[{"@type":"ListItem","position":1,"name":"Accueil","item":"https:\/\/www.itc-elastomeres.com\/en\/home\/"},{"@type":"ListItem","position":2,"name":"Our design office"}]},{"@type":"WebSite","@id":"https:\/\/www.itc-elastomeres.com\/en\/#website","url":"https:\/\/www.itc-elastomeres.com\/en\/","name":"ITC \u00c9lastom\u00e8res","description":"L&#039;ing\u00e9nierie \u00e9lastom\u00e8re haute performance","potentialAction":[{"@type":"SearchAction","target":{"@type":"EntryPoint","urlTemplate":"https:\/\/www.itc-elastomeres.com\/en\/?s={search_term_string}"},"query-input":{"@type":"PropertyValueSpecification","valueRequired":true,"valueName":"search_term_string"}}],"inLanguage":"en-US"}]}},"_links":{"self":[{"href":"https:\/\/www.itc-elastomeres.com\/en\/wp-json\/wp\/v2\/pages\/2661","targetHints":{"allow":["GET"]}}],"collection":[{"href":"https:\/\/www.itc-elastomeres.com\/en\/wp-json\/wp\/v2\/pages"}],"about":[{"href":"https:\/\/www.itc-elastomeres.com\/en\/wp-json\/wp\/v2\/types\/page"}],"author":[{"embeddable":true,"href":"https:\/\/www.itc-elastomeres.com\/en\/wp-json\/wp\/v2\/users\/1"}],"replies":[{"embeddable":true,"href":"https:\/\/www.itc-elastomeres.com\/en\/wp-json\/wp\/v2\/comments?post=2661"}],"version-history":[{"count":11,"href":"https:\/\/www.itc-elastomeres.com\/en\/wp-json\/wp\/v2\/pages\/2661\/revisions"}],"predecessor-version":[{"id":2922,"href":"https:\/\/www.itc-elastomeres.com\/en\/wp-json\/wp\/v2\/pages\/2661\/revisions\/2922"}],"wp:attachment":[{"href":"https:\/\/www.itc-elastomeres.com\/en\/wp-json\/wp\/v2\/media?parent=2661"}],"curies":[{"name":"wp","href":"https:\/\/api.w.org\/{rel}","templated":true}]}}