{"id":2658,"date":"2022-07-01T13:13:55","date_gmt":"2022-07-01T13:13:55","guid":{"rendered":"https:\/\/www.itc-elastomeres.com\/our-products\/"},"modified":"2023-11-22T17:01:49","modified_gmt":"2023-11-22T17:01:49","slug":"our-products","status":"publish","type":"page","link":"https:\/\/www.itc-elastomeres.com\/en\/our-products\/","title":{"rendered":"Our products"},"content":{"rendered":"<div class=\"wpb-content-wrapper\"><p>[vc_row row_height_percent=&#8221;0&#8243; overlay_alpha=&#8221;50&#8243; gutter_size=&#8221;3&#8243; column_width_percent=&#8221;100&#8243; shift_y=&#8221;0&#8243; z_index=&#8221;0&#8243; uncode_shortcode_id=&#8221;203127&#8243; el_class=&#8221;reduced-higlight&#8221;][vc_column column_width_percent=&#8221;100&#8243; align_horizontal=&#8221;align_center&#8221; gutter_size=&#8221;3&#8243; overlay_alpha=&#8221;50&#8243; shift_x=&#8221;0&#8243; shift_y=&#8221;0&#8243; shift_y_down=&#8221;0&#8243; z_index=&#8221;0&#8243; medium_width=&#8221;0&#8243; mobile_width=&#8221;0&#8243; width=&#8221;1\/1&#8243; uncode_shortcode_id=&#8221;495628&#8243;][vc_custom_heading heading_semantic=&#8221;h3&#8243; text_size=&#8221;h3&#8243; uncode_shortcode_id=&#8221;550128&#8243;]A portfolio of solutions tailored to your application[\/vc_custom_heading][vc_column_text uncode_shortcode_id=&#8221;161631&#8243;]Below is an overview of the types of parts we offer. For us, each client is unique and our recommendations will always be adapted to your specifications, your deadlines and, of course, your budget. Do not hesitate to ask us for a quote. Our team is at your disposal to meet all your needs for elastomer solutions.[\/vc_column_text][vc_button button_color=&#8221;color-sable&#8221; border_width=&#8221;0&#8243; button_color_type=&#8221;uncode-palette&#8221; uncode_shortcode_id=&#8221;378234&#8243; link=&#8221;url:https%3A%2F%2Fwww.itc-elastomeres.com%2Fen%2Fcontact-us%2F|title:Contact%20us|&#8221;]Ask for your quote[\/vc_button][\/vc_column][\/vc_row][vc_row row_height_percent=&#8221;0&#8243; override_padding=&#8221;yes&#8221; h_padding=&#8221;2&#8243; top_padding=&#8221;3&#8243; bottom_padding=&#8221;2&#8243; overlay_alpha=&#8221;50&#8243; gutter_size=&#8221;3&#8243; column_width_percent=&#8221;100&#8243; shift_y=&#8221;0&#8243; z_index=&#8221;0&#8243; uncode_shortcode_id=&#8221;611406&#8243;][vc_column column_width_percent=&#8221;100&#8243; gutter_size=&#8221;2&#8243; overlay_alpha=&#8221;50&#8243; shift_x=&#8221;0&#8243; shift_y=&#8221;0&#8243; shift_y_down=&#8221;0&#8243; z_index=&#8221;0&#8243; medium_width=&#8221;0&#8243; mobile_width=&#8221;0&#8243; width=&#8221;1\/3&#8243; uncode_shortcode_id=&#8221;881504&#8243;][vc_single_image media=&#8221;1319&#8243; media_width_percent=&#8221;100&#8243; uncode_shortcode_id=&#8221;100817&#8243;][vc_custom_heading text_size=&#8221;h3&#8243; uncode_shortcode_id=&#8221;169427&#8243;]Oring[\/vc_custom_heading][vc_column_text uncode_shortcode_id=&#8221;926397&#8243;]Rings from 0.5mm and internal diameters up to 700mm<br \/>\nWe have around 5000 tools allowing us to produce standard dimensions.<br \/>\nBulk or unit packaging according to NFL 17-103[\/vc_column_text][vc_accordion active_tab=&#8221;0&#8243;][vc_accordion_tab gutter_size=&#8221;2&#8243; column_padding=&#8221;2&#8243; title=&#8221;Reference standards used&#8221; tab_id=&#8221;1664548538-1-28&#8243;][vc_column_text uncode_shortcode_id=&#8221;177436&#8243;]Dimensional: ISO 3601-1 (Hydraulic and pneumatic transmissions &#8211; O-rings &#8211; Internal diameters, sections, tolerances and dimensional identification codes)<br \/>\n-Class A and B industrial application<br \/>\n-Aerospace application<\/p>\n<p>Appearance: ISO 3601-3 (Hydraulic and pneumatic transmissions &#8211; O-rings &#8211; quality criteria)<br \/>\n-Class N (General use)<br \/>\n-Class S (special)<br \/>\n-Class CS ( Critical Service)[\/vc_column_text][\/vc_accordion_tab][\/vc_accordion][\/vc_column][vc_column column_width_percent=&#8221;100&#8243; gutter_size=&#8221;2&#8243; overlay_alpha=&#8221;50&#8243; shift_x=&#8221;0&#8243; shift_y=&#8221;0&#8243; shift_y_down=&#8221;0&#8243; z_index=&#8221;0&#8243; medium_width=&#8221;0&#8243; mobile_width=&#8221;0&#8243; width=&#8221;1\/3&#8243; uncode_shortcode_id=&#8221;476071&#8243;][vc_single_image media=&#8221;1222&#8243; media_width_percent=&#8221;100&#8243; uncode_shortcode_id=&#8221;139363&#8243;][vc_custom_heading text_size=&#8221;h3&#8243; uncode_shortcode_id=&#8221;206394&#8243;]Shape molded parts[\/vc_custom_heading][vc_column_text uncode_shortcode_id=&#8221;195767&#8243;]<\/p>\n<div class=\"rs-column -large-col-3-1 -large-first -large-first-row -medium-col-1-1 -medium-first -medium-first-row -small-col-1-1 -small-first -small-last -small-first-row\">\n<div class=\"ce_text block\"><\/div>\n<\/div>\n<div class=\"rs-column -large-col-3-2 -large-last -large-first-row -medium-col-1-1 -medium-last -medium-first-row -small-col-1-1 -small-first -small-last\">\n<div class=\"ce_text block aps-solutions-content\">\n<p>A wide range of molded products in simple or complex shapes from 0.1 gram to 15kg.<\/p>\n<\/div>\n<\/div>\n<p>[\/vc_column_text][vc_accordion active_tab=&#8221;0&#8243;][vc_accordion_tab gutter_size=&#8221;2&#8243; column_padding=&#8221;2&#8243; title=&#8221;Part types&#8221; tab_id=&#8221;1664549610881-1-10&#8243;][vc_column_text uncode_shortcode_id=&#8221;832296&#8243;]<\/p>\n<ul>\n<li>Quad-ring seals<\/li>\n<li>Lip seal<\/li>\n<li>Wire pass-through<\/li>\n<li>Shock absorber<\/li>\n<li>Bellows<\/li>\n<li>Flapper<\/li>\n<li>Form membrane<\/li>\n<li>Envelope<\/li>\n<li>Accumulator<\/li>\n<\/ul>\n<p>[\/vc_column_text][\/vc_accordion_tab][\/vc_accordion][\/vc_column][vc_column column_width_percent=&#8221;100&#8243; gutter_size=&#8221;2&#8243; expand_height=&#8221;yes&#8221; back_color=&#8221;color-sable&#8221; overlay_alpha=&#8221;50&#8243; shift_x=&#8221;0&#8243; shift_y=&#8221;0&#8243; shift_y_down=&#8221;0&#8243; z_index=&#8221;0&#8243; medium_width=&#8221;0&#8243; mobile_width=&#8221;0&#8243; width=&#8221;1\/3&#8243; uncode_shortcode_id=&#8221;111518&#8243; back_color_type=&#8221;uncode-palette&#8221; el_class=&#8221;wrap-devis&#8221;][vc_icon icon=&#8221;fa fa-question-circle2&#8243; size=&#8221;fa-3x&#8221; uncode_shortcode_id=&#8221;167322&#8243;][\/vc_icon][vc_custom_heading heading_semantic=&#8221;h3&#8243; uncode_shortcode_id=&#8221;721069&#8243;]Interested in our products?[\/vc_custom_heading][vc_column_text uncode_shortcode_id=&#8221;809177&#8243;]Contact us via our quick and hassle-free request form to obtain a quote for your project. Or call us by phone at <a href=\"tel:0169951000\"><strong>+331 69 95 10 00<\/strong><\/a> ![\/vc_column_text][vc_button button_color=&#8221;color-xsdn&#8221; border_width=&#8221;0&#8243; link=&#8221;url:https%3A%2F%2Fwww.itc-elastomeres.com%2Fen%2Fcontact-us%2F|title:Contact%20us|&#8221; button_color_type=&#8221;uncode-palette&#8221; uncode_shortcode_id=&#8221;354280&#8243;]See our form[\/vc_button][\/vc_column][\/vc_row][vc_row row_height_percent=&#8221;0&#8243; override_padding=&#8221;yes&#8221; h_padding=&#8221;2&#8243; top_padding=&#8221;2&#8243; bottom_padding=&#8221;2&#8243; overlay_alpha=&#8221;50&#8243; gutter_size=&#8221;3&#8243; column_width_percent=&#8221;100&#8243; shift_y=&#8221;0&#8243; z_index=&#8221;0&#8243; uncode_shortcode_id=&#8221;188358&#8243; shape_dividers=&#8221;&#8221;][vc_column column_width_percent=&#8221;100&#8243; gutter_size=&#8221;2&#8243; overlay_alpha=&#8221;50&#8243; shift_x=&#8221;0&#8243; shift_y=&#8221;0&#8243; shift_y_down=&#8221;0&#8243; z_index=&#8221;0&#8243; medium_width=&#8221;0&#8243; mobile_width=&#8221;0&#8243; width=&#8221;1\/3&#8243; uncode_shortcode_id=&#8221;192959&#8243;][vc_single_image media=&#8221;1239&#8243; media_width_percent=&#8221;100&#8243; uncode_shortcode_id=&#8221;844856&#8243;][vc_custom_heading text_size=&#8221;h3&#8243; uncode_shortcode_id=&#8221;184596&#8243;]LSR parts[\/vc_custom_heading][vc_column_text uncode_shortcode_id=&#8221;184638&#8243;]<\/p>\n<div class=\"rs-column -large-col-3-1 -large-first -large-first-row -medium-col-1-1 -medium-first -medium-first-row -small-col-1-1 -small-first -small-last -small-first-row\">\n<div class=\"ce_text block\"><\/div>\n<\/div>\n<div class=\"rs-column -large-col-3-2 -large-last -large-first-row -medium-col-1-1 -medium-last -medium-first-row -small-col-1-1 -small-first -small-last\">\n<div class=\"ce_text block aps-solutions-content\">\n<p>A wide range of silicone parts produced with our medical version LSR (Liquid Silicon Rubber) press under ISO07 laminar flow.<\/p>\n<\/div>\n<\/div>\n<p>[\/vc_column_text][vc_accordion active_tab=&#8221;0&#8243;][vc_accordion_tab gutter_size=&#8221;2&#8243; column_padding=&#8221;2&#8243; title=&#8221;Part types&#8221; tab_id=&#8221;1664549722774-1-91664550372251&#8243;][vc_column_text uncode_shortcode_id=&#8221;105208&#8243;]<\/p>\n<ul>\n<li>Parts with complex geometry, with thin thicknesses and within tight tolerances<\/li>\n<\/ul>\n<p>[\/vc_column_text][\/vc_accordion_tab][\/vc_accordion][\/vc_column][vc_column column_width_percent=&#8221;100&#8243; gutter_size=&#8221;2&#8243; overlay_alpha=&#8221;50&#8243; shift_x=&#8221;0&#8243; shift_y=&#8221;0&#8243; shift_y_down=&#8221;0&#8243; z_index=&#8221;0&#8243; medium_width=&#8221;0&#8243; mobile_width=&#8221;0&#8243; width=&#8221;1\/3&#8243; uncode_shortcode_id=&#8221;141991&#8243;][vc_single_image media=&#8221;1221&#8243; media_width_percent=&#8221;100&#8243; uncode_shortcode_id=&#8221;182954&#8243;][vc_custom_heading text_size=&#8221;h3&#8243; uncode_shortcode_id=&#8221;914774&#8243;]Adherised\/overmolded parts[\/vc_custom_heading][vc_column_text uncode_shortcode_id=&#8221;204605&#8243;]<\/p>\n<div class=\"rs-column -large-col-3-1 -large-first -large-first-row -medium-col-1-1 -medium-first -medium-first-row -small-col-1-1 -small-first -small-last -small-first-row\">\n<div class=\"ce_text block\">Overmolding of all rubbers on numerous substrates:<\/div>\n<\/div>\n<div class=\"rs-column -large-col-3-2 -large-last -large-first-row -medium-col-1-1 -medium-last -medium-first-row -small-col-1-1 -small-first -small-last\">\n<div class=\"ce_text block aps-solutions-content\">\n<ul>\n<li>Metals: steel, stainless steel, aluminum, titanium, brass,<\/li>\n<li>Thermoplastics : PEEK, Polyimide, Polyarylamide, PTFE,<\/li>\n<li>Kevlar fabric, glass fabric, Teflon<\/li>\n<li>Glass<\/li>\n<li>Wood<\/li>\n<\/ul>\n<\/div>\n<\/div>\n<p>[\/vc_column_text][vc_accordion active_tab=&#8221;0&#8243;][vc_accordion_tab gutter_size=&#8221;2&#8243; column_padding=&#8221;2&#8243; title=&#8221;Part types&#8221; tab_id=&#8221;1664549872681-1-616645503634781664550375257&#8243;][vc_column_text uncode_shortcode_id=&#8221;633350&#8243;]<\/p>\n<ul>\n<li>Flapper<\/li>\n<li>BS Rings<\/li>\n<li>Lip seal<\/li>\n<li>Shock absorber<\/li>\n<li>Filter seal<\/li>\n<li>Sliding pads<\/li>\n<\/ul>\n<p>[\/vc_column_text][\/vc_accordion_tab][\/vc_accordion][\/vc_column][vc_column column_width_percent=&#8221;100&#8243; gutter_size=&#8221;2&#8243; overlay_alpha=&#8221;50&#8243; shift_x=&#8221;0&#8243; shift_y=&#8221;0&#8243; shift_y_down=&#8221;0&#8243; z_index=&#8221;0&#8243; medium_width=&#8221;0&#8243; mobile_width=&#8221;0&#8243; width=&#8221;1\/3&#8243; uncode_shortcode_id=&#8221;559523&#8243;][vc_single_image media=&#8221;1224&#8243; media_width_percent=&#8221;100&#8243; uncode_shortcode_id=&#8221;984531&#8243;][vc_custom_heading text_size=&#8221;h3&#8243; uncode_shortcode_id=&#8221;377508&#8243;]Tri-material parts[\/vc_custom_heading][vc_column_text uncode_shortcode_id=&#8221;343371&#8243;]<\/p>\n<div class=\"rs-column -large-col-3-1 -large-first -large-first-row -medium-col-1-1 -medium-first -medium-first-row -small-col-1-1 -small-first -small-last -small-first-row\">\n<div class=\"ce_text block\">Overmolding of all rubbers on two different substrates:<\/div>\n<\/div>\n<div class=\"rs-column -large-col-3-2 -large-last -large-first-row -medium-col-1-1 -medium-last -medium-first-row -small-col-1-1 -small-first -small-last\">\n<div class=\"ce_text block aps-solutions-content\">\n<ul>\n<li>Metals: steel, stainless steel, aluminum, titanium, brass,<\/li>\n<li>Thermoplastics : PEEK, Polyimide, Polyarylamide, PTFE,<\/li>\n<li>Kevlar fabric, glass fabric, Teflon<\/li>\n<li>Glass<\/li>\n<li>Wood<\/li>\n<\/ul>\n<\/div>\n<\/div>\n<p>[\/vc_column_text][vc_accordion active_tab=&#8221;0&#8243;][vc_accordion_tab gutter_size=&#8221;2&#8243; column_padding=&#8221;2&#8243; title=&#8221;Part types&#8221; tab_id=&#8221;1664550151088-1-216645503593701664550380467&#8243;][vc_column_text uncode_shortcode_id=&#8221;108930&#8243;]<\/p>\n<ul>\n<li>Flapper<\/li>\n<li>BS Rings<\/li>\n<li>Lip seal<\/li>\n<li>Shock absorber<\/li>\n<\/ul>\n<p>[\/vc_column_text][\/vc_accordion_tab][\/vc_accordion][\/vc_column][\/vc_row][vc_row row_height_percent=&#8221;0&#8243; override_padding=&#8221;yes&#8221; h_padding=&#8221;2&#8243; top_padding=&#8221;2&#8243; bottom_padding=&#8221;4&#8243; overlay_alpha=&#8221;50&#8243; gutter_size=&#8221;3&#8243; column_width_percent=&#8221;100&#8243; shift_y=&#8221;0&#8243; z_index=&#8221;0&#8243; uncode_shortcode_id=&#8221;834910&#8243; shape_dividers=&#8221;&#8221;][vc_column column_width_percent=&#8221;100&#8243; gutter_size=&#8221;2&#8243; expand_height=&#8221;yes&#8221; back_color=&#8221;color-sable&#8221; overlay_alpha=&#8221;50&#8243; shift_x=&#8221;0&#8243; shift_y=&#8221;0&#8243; shift_y_down=&#8221;0&#8243; z_index=&#8221;0&#8243; medium_width=&#8221;0&#8243; mobile_width=&#8221;0&#8243; width=&#8221;1\/3&#8243; uncode_shortcode_id=&#8221;373080&#8243; back_color_type=&#8221;uncode-palette&#8221; el_class=&#8221;wrap-devis&#8221;][vc_icon icon=&#8221;fa fa-question-circle2&#8243; size=&#8221;fa-3x&#8221; uncode_shortcode_id=&#8221;167322&#8243;][\/vc_icon][vc_custom_heading heading_semantic=&#8221;h3&#8243; uncode_shortcode_id=&#8221;721069&#8243;]Interested in our products?[\/vc_custom_heading][vc_column_text uncode_shortcode_id=&#8221;809177&#8243;]Contact us via our quick and hassle-free request form to obtain a quote for your project. Or call us by phone at <a href=\"tel:0169951000\"><strong>+331 69 95 10 00<\/strong><\/a> ![\/vc_column_text][vc_button button_color=&#8221;color-xsdn&#8221; border_width=&#8221;0&#8243; link=&#8221;url:https%3A%2F%2Fwww.itc-elastomeres.com%2Fen%2Fcontact-us%2F|title:Contact%20us|&#8221; button_color_type=&#8221;uncode-palette&#8221; uncode_shortcode_id=&#8221;354280&#8243;]See our form[\/vc_button][\/vc_column][vc_column column_width_percent=&#8221;100&#8243; gutter_size=&#8221;2&#8243; overlay_alpha=&#8221;50&#8243; shift_x=&#8221;0&#8243; shift_y=&#8221;0&#8243; shift_y_down=&#8221;0&#8243; z_index=&#8221;0&#8243; medium_width=&#8221;0&#8243; mobile_width=&#8221;0&#8243; width=&#8221;1\/3&#8243; uncode_shortcode_id=&#8221;171351&#8243;][vc_single_image media=&#8221;1220&#8243; media_width_percent=&#8221;100&#8243; uncode_shortcode_id=&#8221;387031&#8243;][vc_custom_heading text_size=&#8221;h3&#8243; uncode_shortcode_id=&#8221;162405&#8243;]Flat cut gaskets[\/vc_custom_heading][vc_column_text uncode_shortcode_id=&#8221;733235&#8243;]<\/p>\n<div class=\"rs-column -large-col-3-1 -large-first -large-first-row -medium-col-1-1 -medium-first -medium-first-row -small-col-1-1 -small-first -small-last -small-first-row\">\n<div class=\"ce_text block\">From our rubber plates we can cut all shapes from 0.2mm to 15mm thick.<\/div>\n<ul>\n<li class=\"ce_text block\">Cutting net tool on substrate<\/li>\n<li class=\"ce_text block\">Cutting with forged tool<\/li>\n<li class=\"ce_text block\">Waterjet cutting<\/li>\n<\/ul>\n<\/div>\n<p>[\/vc_column_text][vc_accordion active_tab=&#8221;0&#8243;][vc_accordion_tab gutter_size=&#8221;2&#8243; column_padding=&#8221;2&#8243; title=&#8221;Part types&#8221; tab_id=&#8221;1664549940-1-911664550355440&#8243;][vc_column_text uncode_shortcode_id=&#8221;163446&#8243;]<\/p>\n<ul>\n<li>Touch screen seals<\/li>\n<li>Dashboard seals<\/li>\n<li>Membranes<\/li>\n<li>\u2026<\/li>\n<\/ul>\n<p>[\/vc_column_text][\/vc_accordion_tab][\/vc_accordion][\/vc_column][vc_column column_width_percent=&#8221;100&#8243; gutter_size=&#8221;2&#8243; overlay_alpha=&#8221;50&#8243; shift_x=&#8221;0&#8243; shift_y=&#8221;0&#8243; shift_y_down=&#8221;0&#8243; z_index=&#8221;0&#8243; medium_width=&#8221;0&#8243; mobile_width=&#8221;0&#8243; width=&#8221;1\/3&#8243; uncode_shortcode_id=&#8221;178668&#8243;][vc_single_image media=&#8221;1219&#8243; media_width_percent=&#8221;100&#8243; uncode_shortcode_id=&#8221;612742&#8243;][vc_custom_heading uncode_shortcode_id=&#8221;126074&#8243;]Plates[\/vc_custom_heading][vc_column_text uncode_shortcode_id=&#8221;103936&#8243;]<\/p>\n<div class=\"rs-column -large-col-3-1 -large-first -large-first-row -medium-col-1-1 -medium-first -medium-first-row -small-col-1-1 -small-first -small-last -small-first-row\">\n<div class=\"ce_text block\">We have tools to make our plates up to 500 x 500 mm format from a minimum thickness of 0.2mm to a maximum thickness of 25mm.<br \/>\nThe plates can be delivered as is or in the form of cut products (see cut flat joints).<br \/>\nThe plates can be made by inserting different reinforcements: Nylon, aramid, metal, Kevlar\u00ae fiber, PTFE, etc.<\/div>\n<\/div>\n<p>[\/vc_column_text][vc_accordion active_tab=&#8221;0&#8243;][vc_accordion_tab gutter_size=&#8221;2&#8243; column_padding=&#8221;2&#8243; title=&#8221;Part types&#8221; tab_id=&#8221;1664550293482-1-101664550349432&#8243;][vc_column_text uncode_shortcode_id=&#8221;136770&#8243;]<\/p>\n<ul>\n<li>Shock absorbers<\/li>\n<li>Partitions<\/li>\n<li>&#8230;<\/li>\n<\/ul>\n<p>[\/vc_column_text][\/vc_accordion_tab][\/vc_accordion][\/vc_column][\/vc_row]<\/p>\n<\/div>","protected":false},"excerpt":{"rendered":"<p>[vc_row row_height_percent=&#8221;0&#8243; overlay_alpha=&#8221;50&#8243; gutter_size=&#8221;3&#8243; column_width_percent=&#8221;100&#8243; shift_y=&#8221;0&#8243; z_index=&#8221;0&#8243; uncode_shortcode_id=&#8221;203127&#8243; el_class=&#8221;reduced-higlight&#8221;][vc_column column_width_percent=&#8221;100&#8243; align_horizontal=&#8221;align_center&#8221; gutter_size=&#8221;3&#8243; overlay_alpha=&#8221;50&#8243; shift_x=&#8221;0&#8243; shift_y=&#8221;0&#8243; shift_y_down=&#8221;0&#8243; z_index=&#8221;0&#8243; medium_width=&#8221;0&#8243; mobile_width=&#8221;0&#8243; width=&#8221;1\/1&#8243; [&hellip;]<\/p>\n","protected":false},"author":1,"featured_media":973,"parent":0,"menu_order":0,"comment_status":"closed","ping_status":"closed","template":"","meta":{"_acf_changed":false,"footnotes":""},"class_list":["post-2658","page","type-page","status-publish","has-post-thumbnail","hentry"],"acf":[],"yoast_head":"<!-- This site is optimized with the Yoast SEO plugin v27.5 - https:\/\/yoast.com\/product\/yoast-seo-wordpress\/ -->\n<title>Manufacturer of elastomer parts - ITC Elastomer<\/title>\n<meta name=\"description\" content=\"O-rings and elastomer parts designed and manufactured by ITC Elastomer: rubber part manufacturer, O-ring, multi-materials\" \/>\n<meta name=\"robots\" content=\"index, follow, max-snippet:-1, max-image-preview:large, max-video-preview:-1\" \/>\n<link rel=\"canonical\" href=\"https:\/\/www.itc-elastomeres.com\/en\/our-products\/\" \/>\n<meta property=\"og:locale\" content=\"en_US\" \/>\n<meta property=\"og:type\" content=\"article\" \/>\n<meta property=\"og:title\" content=\"Manufacturer of elastomer parts - ITC Elastomer\" \/>\n<meta property=\"og:description\" content=\"O-rings and elastomer parts designed and manufactured by ITC Elastomer: rubber part manufacturer, O-ring, multi-materials\" \/>\n<meta property=\"og:url\" content=\"https:\/\/www.itc-elastomeres.com\/en\/our-products\/\" \/>\n<meta property=\"og:site_name\" content=\"ITC \u00c9lastom\u00e8res\" \/>\n<meta property=\"article:modified_time\" content=\"2023-11-22T17:01:49+00:00\" \/>\n<meta property=\"og:image\" content=\"https:\/\/www.itc-elastomeres.com\/wp-content\/uploads\/2022\/08\/Bandeau-silicones.jpg\" \/>\n\t<meta property=\"og:image:width\" content=\"1920\" \/>\n\t<meta property=\"og:image:height\" content=\"600\" \/>\n\t<meta property=\"og:image:type\" content=\"image\/jpeg\" \/>\n<meta name=\"twitter:card\" content=\"summary_large_image\" \/>\n<meta name=\"twitter:label1\" content=\"Est. reading time\" \/>\n\t<meta name=\"twitter:data1\" content=\"7 minutes\" \/>\n<script type=\"application\/ld+json\" class=\"yoast-schema-graph\">{\"@context\":\"https:\\\/\\\/schema.org\",\"@graph\":[{\"@type\":\"WebPage\",\"@id\":\"https:\\\/\\\/www.itc-elastomeres.com\\\/en\\\/our-products\\\/\",\"url\":\"https:\\\/\\\/www.itc-elastomeres.com\\\/en\\\/our-products\\\/\",\"name\":\"Manufacturer of elastomer parts - ITC Elastomer\",\"isPartOf\":{\"@id\":\"https:\\\/\\\/www.itc-elastomeres.com\\\/en\\\/#website\"},\"primaryImageOfPage\":{\"@id\":\"https:\\\/\\\/www.itc-elastomeres.com\\\/en\\\/our-products\\\/#primaryimage\"},\"image\":{\"@id\":\"https:\\\/\\\/www.itc-elastomeres.com\\\/en\\\/our-products\\\/#primaryimage\"},\"thumbnailUrl\":\"https:\\\/\\\/www.itc-elastomeres.com\\\/wp-content\\\/uploads\\\/2022\\\/08\\\/Bandeau-silicones.jpg\",\"datePublished\":\"2022-07-01T13:13:55+00:00\",\"dateModified\":\"2023-11-22T17:01:49+00:00\",\"description\":\"O-rings and elastomer parts designed and manufactured by ITC Elastomer: rubber part manufacturer, O-ring, multi-materials\",\"breadcrumb\":{\"@id\":\"https:\\\/\\\/www.itc-elastomeres.com\\\/en\\\/our-products\\\/#breadcrumb\"},\"inLanguage\":\"en-US\",\"potentialAction\":[{\"@type\":\"ReadAction\",\"target\":[\"https:\\\/\\\/www.itc-elastomeres.com\\\/en\\\/our-products\\\/\"]}]},{\"@type\":\"ImageObject\",\"inLanguage\":\"en-US\",\"@id\":\"https:\\\/\\\/www.itc-elastomeres.com\\\/en\\\/our-products\\\/#primaryimage\",\"url\":\"https:\\\/\\\/www.itc-elastomeres.com\\\/wp-content\\\/uploads\\\/2022\\\/08\\\/Bandeau-silicones.jpg\",\"contentUrl\":\"https:\\\/\\\/www.itc-elastomeres.com\\\/wp-content\\\/uploads\\\/2022\\\/08\\\/Bandeau-silicones.jpg\",\"width\":1920,\"height\":600},{\"@type\":\"BreadcrumbList\",\"@id\":\"https:\\\/\\\/www.itc-elastomeres.com\\\/en\\\/our-products\\\/#breadcrumb\",\"itemListElement\":[{\"@type\":\"ListItem\",\"position\":1,\"name\":\"Accueil\",\"item\":\"https:\\\/\\\/www.itc-elastomeres.com\\\/en\\\/home\\\/\"},{\"@type\":\"ListItem\",\"position\":2,\"name\":\"Our products\"}]},{\"@type\":\"WebSite\",\"@id\":\"https:\\\/\\\/www.itc-elastomeres.com\\\/en\\\/#website\",\"url\":\"https:\\\/\\\/www.itc-elastomeres.com\\\/en\\\/\",\"name\":\"ITC \u00c9lastom\u00e8res\",\"description\":\"L&#039;ing\u00e9nierie \u00e9lastom\u00e8re haute performance\",\"potentialAction\":[{\"@type\":\"SearchAction\",\"target\":{\"@type\":\"EntryPoint\",\"urlTemplate\":\"https:\\\/\\\/www.itc-elastomeres.com\\\/en\\\/?s={search_term_string}\"},\"query-input\":{\"@type\":\"PropertyValueSpecification\",\"valueRequired\":true,\"valueName\":\"search_term_string\"}}],\"inLanguage\":\"en-US\"}]}<\/script>\n<!-- \/ Yoast SEO plugin. -->","yoast_head_json":{"title":"Manufacturer of elastomer parts - ITC Elastomer","description":"O-rings and elastomer parts designed and manufactured by ITC Elastomer: rubber part manufacturer, O-ring, multi-materials","robots":{"index":"index","follow":"follow","max-snippet":"max-snippet:-1","max-image-preview":"max-image-preview:large","max-video-preview":"max-video-preview:-1"},"canonical":"https:\/\/www.itc-elastomeres.com\/en\/our-products\/","og_locale":"en_US","og_type":"article","og_title":"Manufacturer of elastomer parts - ITC Elastomer","og_description":"O-rings and elastomer parts designed and manufactured by ITC Elastomer: rubber part manufacturer, O-ring, multi-materials","og_url":"https:\/\/www.itc-elastomeres.com\/en\/our-products\/","og_site_name":"ITC \u00c9lastom\u00e8res","article_modified_time":"2023-11-22T17:01:49+00:00","og_image":[{"width":1920,"height":600,"url":"https:\/\/www.itc-elastomeres.com\/wp-content\/uploads\/2022\/08\/Bandeau-silicones.jpg","type":"image\/jpeg"}],"twitter_card":"summary_large_image","twitter_misc":{"Est. reading time":"7 minutes"},"schema":{"@context":"https:\/\/schema.org","@graph":[{"@type":"WebPage","@id":"https:\/\/www.itc-elastomeres.com\/en\/our-products\/","url":"https:\/\/www.itc-elastomeres.com\/en\/our-products\/","name":"Manufacturer of elastomer parts - ITC Elastomer","isPartOf":{"@id":"https:\/\/www.itc-elastomeres.com\/en\/#website"},"primaryImageOfPage":{"@id":"https:\/\/www.itc-elastomeres.com\/en\/our-products\/#primaryimage"},"image":{"@id":"https:\/\/www.itc-elastomeres.com\/en\/our-products\/#primaryimage"},"thumbnailUrl":"https:\/\/www.itc-elastomeres.com\/wp-content\/uploads\/2022\/08\/Bandeau-silicones.jpg","datePublished":"2022-07-01T13:13:55+00:00","dateModified":"2023-11-22T17:01:49+00:00","description":"O-rings and elastomer parts designed and manufactured by ITC Elastomer: rubber part manufacturer, O-ring, multi-materials","breadcrumb":{"@id":"https:\/\/www.itc-elastomeres.com\/en\/our-products\/#breadcrumb"},"inLanguage":"en-US","potentialAction":[{"@type":"ReadAction","target":["https:\/\/www.itc-elastomeres.com\/en\/our-products\/"]}]},{"@type":"ImageObject","inLanguage":"en-US","@id":"https:\/\/www.itc-elastomeres.com\/en\/our-products\/#primaryimage","url":"https:\/\/www.itc-elastomeres.com\/wp-content\/uploads\/2022\/08\/Bandeau-silicones.jpg","contentUrl":"https:\/\/www.itc-elastomeres.com\/wp-content\/uploads\/2022\/08\/Bandeau-silicones.jpg","width":1920,"height":600},{"@type":"BreadcrumbList","@id":"https:\/\/www.itc-elastomeres.com\/en\/our-products\/#breadcrumb","itemListElement":[{"@type":"ListItem","position":1,"name":"Accueil","item":"https:\/\/www.itc-elastomeres.com\/en\/home\/"},{"@type":"ListItem","position":2,"name":"Our products"}]},{"@type":"WebSite","@id":"https:\/\/www.itc-elastomeres.com\/en\/#website","url":"https:\/\/www.itc-elastomeres.com\/en\/","name":"ITC \u00c9lastom\u00e8res","description":"L&#039;ing\u00e9nierie \u00e9lastom\u00e8re haute performance","potentialAction":[{"@type":"SearchAction","target":{"@type":"EntryPoint","urlTemplate":"https:\/\/www.itc-elastomeres.com\/en\/?s={search_term_string}"},"query-input":{"@type":"PropertyValueSpecification","valueRequired":true,"valueName":"search_term_string"}}],"inLanguage":"en-US"}]}},"_links":{"self":[{"href":"https:\/\/www.itc-elastomeres.com\/en\/wp-json\/wp\/v2\/pages\/2658","targetHints":{"allow":["GET"]}}],"collection":[{"href":"https:\/\/www.itc-elastomeres.com\/en\/wp-json\/wp\/v2\/pages"}],"about":[{"href":"https:\/\/www.itc-elastomeres.com\/en\/wp-json\/wp\/v2\/types\/page"}],"author":[{"embeddable":true,"href":"https:\/\/www.itc-elastomeres.com\/en\/wp-json\/wp\/v2\/users\/1"}],"replies":[{"embeddable":true,"href":"https:\/\/www.itc-elastomeres.com\/en\/wp-json\/wp\/v2\/comments?post=2658"}],"version-history":[{"count":2,"href":"https:\/\/www.itc-elastomeres.com\/en\/wp-json\/wp\/v2\/pages\/2658\/revisions"}],"predecessor-version":[{"id":2660,"href":"https:\/\/www.itc-elastomeres.com\/en\/wp-json\/wp\/v2\/pages\/2658\/revisions\/2660"}],"wp:featuredmedia":[{"embeddable":true,"href":"https:\/\/www.itc-elastomeres.com\/en\/wp-json\/wp\/v2\/media\/973"}],"wp:attachment":[{"href":"https:\/\/www.itc-elastomeres.com\/en\/wp-json\/wp\/v2\/media?parent=2658"}],"curies":[{"name":"wp","href":"https:\/\/api.w.org\/{rel}","templated":true}]}}