{"id":2655,"date":"2022-07-01T13:16:14","date_gmt":"2022-07-01T13:16:14","guid":{"rendered":"https:\/\/www.itc-elastomeres.com\/our-partners\/"},"modified":"2023-11-22T16:34:41","modified_gmt":"2023-11-22T16:34:41","slug":"our-partners","status":"publish","type":"page","link":"https:\/\/www.itc-elastomeres.com\/en\/our-partners\/","title":{"rendered":"Our partners"},"content":{"rendered":"<div class=\"wpb-content-wrapper\"><p>[vc_row row_height_percent=&#8221;0&#8243; overlay_alpha=&#8221;50&#8243; gutter_size=&#8221;3&#8243; column_width_percent=&#8221;100&#8243; shift_y=&#8221;0&#8243; z_index=&#8221;0&#8243; uncode_shortcode_id=&#8221;203127&#8243; el_class=&#8221;reduced-higlight&#8221;][vc_column column_width_percent=&#8221;100&#8243; align_horizontal=&#8221;align_center&#8221; gutter_size=&#8221;3&#8243; overlay_alpha=&#8221;50&#8243; shift_x=&#8221;0&#8243; shift_y=&#8221;0&#8243; shift_y_down=&#8221;0&#8243; z_index=&#8221;0&#8243; medium_width=&#8221;0&#8243; mobile_width=&#8221;0&#8243; width=&#8221;1\/1&#8243; uncode_shortcode_id=&#8221;495628&#8243;][vc_custom_heading heading_semantic=&#8221;h3&#8243; text_size=&#8221;h3&#8243; uncode_shortcode_id=&#8221;135489&#8243;]Partnerships, sources of innovation and competitiveness[\/vc_custom_heading][vc_column_text uncode_shortcode_id=&#8221;102560&#8243;]Specializing in the design and transformation of elastomer solutions, particularly multi-materials parts in constrained environments (thermal, low and high pressure, static and\/or dynamic stresses, fluid transfer, etc.), ITC collaborates with numerous laboratories, research institutes and trade organizations for the development of new materials or processes in the field of elastomers. We worked in particular on the following subjects:<\/p>\n<ul>\n<li>THERMEL project &#8211; Crosslinks thermo-kinetics<\/li>\n<li>PARCHOC project- Damping materials<\/li>\n<li>BIOPROOF project &#8211; Bio-sourced or recycled raw materials<\/li>\n<li>Smart Rubber<\/li>\n<li>FABADDSIL project &#8211; Elastomer additive manufacturing<\/li>\n<li>FLAMS Project &#8211; Long-term aging of fluorosilicones (FVMQ)<\/li>\n<\/ul>\n<p>[\/vc_column_text][\/vc_column][\/vc_row][vc_row row_height_percent=&#8221;0&#8243; overlay_alpha=&#8221;50&#8243; gutter_size=&#8221;3&#8243; column_width_percent=&#8221;100&#8243; shift_y=&#8221;0&#8243; z_index=&#8221;0&#8243; uncode_shortcode_id=&#8221;172693&#8243; el_class=&#8221;partenaires-wrap&#8221;][vc_column width=&#8221;1\/3&#8243;][vc_single_image media=&#8221;1145&#8243; media_width_percent=&#8221;100&#8243; uncode_shortcode_id=&#8221;645594&#8243;][vc_column_text uncode_shortcode_id=&#8221;135767&#8243;]<\/p>\n<h5>Competitivity cluster for Rubbers, Plastics and Composites<\/h5>\n<p>[\/vc_column_text][\/vc_column][vc_column width=&#8221;1\/3&#8243;][vc_single_image media=&#8221;1146&#8243; media_width_percent=&#8221;100&#8243; uncode_shortcode_id=&#8221;106401&#8243;][vc_column_text uncode_shortcode_id=&#8221;115540&#8243;]<\/p>\n<h5>Technical Center for Mechanical Industries<\/h5>\n<p>[\/vc_column_text][\/vc_column][vc_column width=&#8221;1\/3&#8243;][vc_single_image media=&#8221;1147&#8243; media_width_percent=&#8221;100&#8243; uncode_shortcode_id=&#8221;342685&#8243;][vc_column_text uncode_shortcode_id=&#8221;132722&#8243;]<\/p>\n<h5>Group of French Aeronautical and Space Industries<\/h5>\n<p>[\/vc_column_text][\/vc_column][\/vc_row][vc_row row_height_percent=&#8221;0&#8243; overlay_alpha=&#8221;50&#8243; gutter_size=&#8221;3&#8243; column_width_percent=&#8221;100&#8243; shift_y=&#8221;0&#8243; z_index=&#8221;0&#8243; uncode_shortcode_id=&#8221;112864&#8243; el_class=&#8221;partenaires-wrap&#8221;][vc_column width=&#8221;1\/3&#8243;][vc_single_image media=&#8221;1698&#8243; media_width_percent=&#8221;100&#8243; uncode_shortcode_id=&#8221;651733&#8243;][vc_column_text uncode_shortcode_id=&#8221;140753&#8243;]<\/p>\n<h5>Process and Engineering Laboratory in Materials Mechanics<\/h5>\n<p>[\/vc_column_text][\/vc_column][vc_column width=&#8221;1\/3&#8243;][vc_single_image media=&#8221;1254&#8243; media_width_percent=&#8221;100&#8243; uncode_shortcode_id=&#8221;149534&#8243;][vc_column_text uncode_shortcode_id=&#8221;135461&#8243;]<\/p>\n<h5>Research Laboratory Mines Paris Tech<\/h5>\n<p>[\/vc_column_text][\/vc_column][vc_column width=&#8221;1\/3&#8243;][vc_single_image media=&#8221;1255&#8243; media_width_percent=&#8221;100&#8243; uncode_shortcode_id=&#8221;501297&#8243;][vc_column_text uncode_shortcode_id=&#8221;158498&#8243;]<\/p>\n<h5>Institute Charles Gerhardt Montpellier(UMR 5253)<\/h5>\n<p>[\/vc_column_text][\/vc_column][\/vc_row][vc_row row_height_percent=&#8221;0&#8243; override_padding=&#8221;yes&#8221; h_padding=&#8221;2&#8243; top_padding=&#8221;3&#8243; bottom_padding=&#8221;3&#8243; back_color=&#8221;color-gris-clair&#8221; overlay_alpha=&#8221;50&#8243; gutter_size=&#8221;3&#8243; column_width_percent=&#8221;100&#8243; shift_y=&#8221;0&#8243; z_index=&#8221;0&#8243; uncode_shortcode_id=&#8221;195834&#8243; back_color_type=&#8221;uncode-palette&#8221; el_class=&#8221;bg-grey-wave partenaires-wrap&#8221;][vc_column width=&#8221;1\/3&#8243;][vc_single_image media=&#8221;1148&#8243; media_width_percent=&#8221;100&#8243; uncode_shortcode_id=&#8221;313184&#8243;][vc_column_text uncode_shortcode_id=&#8221;112957&#8243;]<\/p>\n<h5>Rubber Training Institute<\/h5>\n<p>[\/vc_column_text][\/vc_column][vc_column width=&#8221;1\/3&#8243;][vc_single_image media=&#8221;1149&#8243; media_width_percent=&#8221;100&#8243; uncode_shortcode_id=&#8221;650522&#8243;][vc_column_text uncode_shortcode_id=&#8221;166214&#8243;]<\/p>\n<h5>French Center for Rubber and Polymers<\/h5>\n<p>[\/vc_column_text][\/vc_column][vc_column width=&#8221;1\/3&#8243;][vc_single_image media=&#8221;1150&#8243; media_width_percent=&#8221;100&#8243; uncode_shortcode_id=&#8221;477973&#8243;][vc_column_text uncode_shortcode_id=&#8221;750721&#8243;]<\/p>\n<h5>Rubber and Plastics Research and Control Laboratory<\/h5>\n<p>[\/vc_column_text][\/vc_column][\/vc_row]<\/p>\n<\/div>","protected":false},"excerpt":{"rendered":"<p>[vc_row row_height_percent=&#8221;0&#8243; overlay_alpha=&#8221;50&#8243; gutter_size=&#8221;3&#8243; column_width_percent=&#8221;100&#8243; shift_y=&#8221;0&#8243; z_index=&#8221;0&#8243; uncode_shortcode_id=&#8221;203127&#8243; el_class=&#8221;reduced-higlight&#8221;][vc_column column_width_percent=&#8221;100&#8243; align_horizontal=&#8221;align_center&#8221; gutter_size=&#8221;3&#8243; overlay_alpha=&#8221;50&#8243; shift_x=&#8221;0&#8243; shift_y=&#8221;0&#8243; shift_y_down=&#8221;0&#8243; z_index=&#8221;0&#8243; medium_width=&#8221;0&#8243; mobile_width=&#8221;0&#8243; width=&#8221;1\/1&#8243; [&hellip;]<\/p>\n","protected":false},"author":1,"featured_media":1143,"parent":0,"menu_order":0,"comment_status":"closed","ping_status":"closed","template":"","meta":{"_acf_changed":false,"footnotes":""},"class_list":["post-2655","page","type-page","status-publish","has-post-thumbnail","hentry"],"acf":[],"yoast_head":"<!-- This site is optimized with the Yoast SEO plugin v27.3 - https:\/\/yoast.com\/product\/yoast-seo-wordpress\/ -->\n<title>Partnership - manufacturer of rubber parts - ITC Elastomeres<\/title>\n<meta name=\"description\" content=\"ITC Elastomer, partner of Polymeris, Cetim, Gifas, ICG and many others for the manufacture of O-rings and molded parts\" \/>\n<meta name=\"robots\" content=\"index, follow, max-snippet:-1, max-image-preview:large, max-video-preview:-1\" \/>\n<link rel=\"canonical\" href=\"https:\/\/www.itc-elastomeres.com\/en\/our-partners\/\" \/>\n<meta property=\"og:locale\" content=\"en_US\" \/>\n<meta property=\"og:type\" content=\"article\" \/>\n<meta property=\"og:title\" content=\"Partnership - manufacturer of rubber parts - ITC Elastomeres\" \/>\n<meta property=\"og:description\" content=\"ITC Elastomer, partner of Polymeris, Cetim, Gifas, ICG and many others for the manufacture of O-rings and molded parts\" \/>\n<meta property=\"og:url\" content=\"https:\/\/www.itc-elastomeres.com\/en\/our-partners\/\" \/>\n<meta property=\"og:site_name\" content=\"ITC \u00c9lastom\u00e8res\" \/>\n<meta property=\"article:modified_time\" content=\"2023-11-22T16:34:41+00:00\" \/>\n<meta property=\"og:image\" content=\"https:\/\/www.itc-elastomeres.com\/wp-content\/uploads\/2022\/08\/Bandeau-partenaires.jpg\" \/>\n\t<meta property=\"og:image:width\" content=\"1917\" \/>\n\t<meta property=\"og:image:height\" content=\"602\" \/>\n\t<meta property=\"og:image:type\" content=\"image\/jpeg\" \/>\n<meta name=\"twitter:card\" content=\"summary_large_image\" \/>\n<meta name=\"twitter:label1\" content=\"Est. reading time\" \/>\n\t<meta name=\"twitter:data1\" content=\"3 minutes\" \/>\n<script type=\"application\/ld+json\" class=\"yoast-schema-graph\">{\"@context\":\"https:\\\/\\\/schema.org\",\"@graph\":[{\"@type\":\"WebPage\",\"@id\":\"https:\\\/\\\/www.itc-elastomeres.com\\\/en\\\/our-partners\\\/\",\"url\":\"https:\\\/\\\/www.itc-elastomeres.com\\\/en\\\/our-partners\\\/\",\"name\":\"Partnership - manufacturer of rubber parts - ITC Elastomeres\",\"isPartOf\":{\"@id\":\"https:\\\/\\\/www.itc-elastomeres.com\\\/en\\\/#website\"},\"primaryImageOfPage\":{\"@id\":\"https:\\\/\\\/www.itc-elastomeres.com\\\/en\\\/our-partners\\\/#primaryimage\"},\"image\":{\"@id\":\"https:\\\/\\\/www.itc-elastomeres.com\\\/en\\\/our-partners\\\/#primaryimage\"},\"thumbnailUrl\":\"https:\\\/\\\/www.itc-elastomeres.com\\\/wp-content\\\/uploads\\\/2022\\\/08\\\/Bandeau-partenaires.jpg\",\"datePublished\":\"2022-07-01T13:16:14+00:00\",\"dateModified\":\"2023-11-22T16:34:41+00:00\",\"description\":\"ITC Elastomer, partner of Polymeris, Cetim, Gifas, ICG and many others for the manufacture of O-rings and molded parts\",\"breadcrumb\":{\"@id\":\"https:\\\/\\\/www.itc-elastomeres.com\\\/en\\\/our-partners\\\/#breadcrumb\"},\"inLanguage\":\"en-US\",\"potentialAction\":[{\"@type\":\"ReadAction\",\"target\":[\"https:\\\/\\\/www.itc-elastomeres.com\\\/en\\\/our-partners\\\/\"]}]},{\"@type\":\"ImageObject\",\"inLanguage\":\"en-US\",\"@id\":\"https:\\\/\\\/www.itc-elastomeres.com\\\/en\\\/our-partners\\\/#primaryimage\",\"url\":\"https:\\\/\\\/www.itc-elastomeres.com\\\/wp-content\\\/uploads\\\/2022\\\/08\\\/Bandeau-partenaires.jpg\",\"contentUrl\":\"https:\\\/\\\/www.itc-elastomeres.com\\\/wp-content\\\/uploads\\\/2022\\\/08\\\/Bandeau-partenaires.jpg\",\"width\":1917,\"height\":602},{\"@type\":\"BreadcrumbList\",\"@id\":\"https:\\\/\\\/www.itc-elastomeres.com\\\/en\\\/our-partners\\\/#breadcrumb\",\"itemListElement\":[{\"@type\":\"ListItem\",\"position\":1,\"name\":\"Accueil\",\"item\":\"https:\\\/\\\/www.itc-elastomeres.com\\\/en\\\/home\\\/\"},{\"@type\":\"ListItem\",\"position\":2,\"name\":\"Our partners\"}]},{\"@type\":\"WebSite\",\"@id\":\"https:\\\/\\\/www.itc-elastomeres.com\\\/en\\\/#website\",\"url\":\"https:\\\/\\\/www.itc-elastomeres.com\\\/en\\\/\",\"name\":\"ITC \u00c9lastom\u00e8res\",\"description\":\"L&#039;ing\u00e9nierie \u00e9lastom\u00e8re haute performance\",\"potentialAction\":[{\"@type\":\"SearchAction\",\"target\":{\"@type\":\"EntryPoint\",\"urlTemplate\":\"https:\\\/\\\/www.itc-elastomeres.com\\\/en\\\/?s={search_term_string}\"},\"query-input\":{\"@type\":\"PropertyValueSpecification\",\"valueRequired\":true,\"valueName\":\"search_term_string\"}}],\"inLanguage\":\"en-US\"}]}<\/script>\n<!-- \/ Yoast SEO plugin. -->","yoast_head_json":{"title":"Partnership - manufacturer of rubber parts - ITC Elastomeres","description":"ITC Elastomer, partner of Polymeris, Cetim, Gifas, ICG and many others for the manufacture of O-rings and molded parts","robots":{"index":"index","follow":"follow","max-snippet":"max-snippet:-1","max-image-preview":"max-image-preview:large","max-video-preview":"max-video-preview:-1"},"canonical":"https:\/\/www.itc-elastomeres.com\/en\/our-partners\/","og_locale":"en_US","og_type":"article","og_title":"Partnership - manufacturer of rubber parts - ITC Elastomeres","og_description":"ITC Elastomer, partner of Polymeris, Cetim, Gifas, ICG and many others for the manufacture of O-rings and molded parts","og_url":"https:\/\/www.itc-elastomeres.com\/en\/our-partners\/","og_site_name":"ITC \u00c9lastom\u00e8res","article_modified_time":"2023-11-22T16:34:41+00:00","og_image":[{"width":1917,"height":602,"url":"https:\/\/www.itc-elastomeres.com\/wp-content\/uploads\/2022\/08\/Bandeau-partenaires.jpg","type":"image\/jpeg"}],"twitter_card":"summary_large_image","twitter_misc":{"Est. reading time":"3 minutes"},"schema":{"@context":"https:\/\/schema.org","@graph":[{"@type":"WebPage","@id":"https:\/\/www.itc-elastomeres.com\/en\/our-partners\/","url":"https:\/\/www.itc-elastomeres.com\/en\/our-partners\/","name":"Partnership - manufacturer of rubber parts - ITC Elastomeres","isPartOf":{"@id":"https:\/\/www.itc-elastomeres.com\/en\/#website"},"primaryImageOfPage":{"@id":"https:\/\/www.itc-elastomeres.com\/en\/our-partners\/#primaryimage"},"image":{"@id":"https:\/\/www.itc-elastomeres.com\/en\/our-partners\/#primaryimage"},"thumbnailUrl":"https:\/\/www.itc-elastomeres.com\/wp-content\/uploads\/2022\/08\/Bandeau-partenaires.jpg","datePublished":"2022-07-01T13:16:14+00:00","dateModified":"2023-11-22T16:34:41+00:00","description":"ITC Elastomer, partner of Polymeris, Cetim, Gifas, ICG and many others for the manufacture of O-rings and molded parts","breadcrumb":{"@id":"https:\/\/www.itc-elastomeres.com\/en\/our-partners\/#breadcrumb"},"inLanguage":"en-US","potentialAction":[{"@type":"ReadAction","target":["https:\/\/www.itc-elastomeres.com\/en\/our-partners\/"]}]},{"@type":"ImageObject","inLanguage":"en-US","@id":"https:\/\/www.itc-elastomeres.com\/en\/our-partners\/#primaryimage","url":"https:\/\/www.itc-elastomeres.com\/wp-content\/uploads\/2022\/08\/Bandeau-partenaires.jpg","contentUrl":"https:\/\/www.itc-elastomeres.com\/wp-content\/uploads\/2022\/08\/Bandeau-partenaires.jpg","width":1917,"height":602},{"@type":"BreadcrumbList","@id":"https:\/\/www.itc-elastomeres.com\/en\/our-partners\/#breadcrumb","itemListElement":[{"@type":"ListItem","position":1,"name":"Accueil","item":"https:\/\/www.itc-elastomeres.com\/en\/home\/"},{"@type":"ListItem","position":2,"name":"Our partners"}]},{"@type":"WebSite","@id":"https:\/\/www.itc-elastomeres.com\/en\/#website","url":"https:\/\/www.itc-elastomeres.com\/en\/","name":"ITC \u00c9lastom\u00e8res","description":"L&#039;ing\u00e9nierie \u00e9lastom\u00e8re haute performance","potentialAction":[{"@type":"SearchAction","target":{"@type":"EntryPoint","urlTemplate":"https:\/\/www.itc-elastomeres.com\/en\/?s={search_term_string}"},"query-input":{"@type":"PropertyValueSpecification","valueRequired":true,"valueName":"search_term_string"}}],"inLanguage":"en-US"}]}},"_links":{"self":[{"href":"https:\/\/www.itc-elastomeres.com\/en\/wp-json\/wp\/v2\/pages\/2655","targetHints":{"allow":["GET"]}}],"collection":[{"href":"https:\/\/www.itc-elastomeres.com\/en\/wp-json\/wp\/v2\/pages"}],"about":[{"href":"https:\/\/www.itc-elastomeres.com\/en\/wp-json\/wp\/v2\/types\/page"}],"author":[{"embeddable":true,"href":"https:\/\/www.itc-elastomeres.com\/en\/wp-json\/wp\/v2\/users\/1"}],"replies":[{"embeddable":true,"href":"https:\/\/www.itc-elastomeres.com\/en\/wp-json\/wp\/v2\/comments?post=2655"}],"version-history":[{"count":2,"href":"https:\/\/www.itc-elastomeres.com\/en\/wp-json\/wp\/v2\/pages\/2655\/revisions"}],"predecessor-version":[{"id":2657,"href":"https:\/\/www.itc-elastomeres.com\/en\/wp-json\/wp\/v2\/pages\/2655\/revisions\/2657"}],"wp:featuredmedia":[{"embeddable":true,"href":"https:\/\/www.itc-elastomeres.com\/en\/wp-json\/wp\/v2\/media\/1143"}],"wp:attachment":[{"href":"https:\/\/www.itc-elastomeres.com\/en\/wp-json\/wp\/v2\/media?parent=2655"}],"curies":[{"name":"wp","href":"https:\/\/api.w.org\/{rel}","templated":true}]}}