{"id":2513,"date":"2022-10-05T15:12:52","date_gmt":"2022-10-05T15:12:52","guid":{"rendered":"https:\/\/www.itc-elastomeres.com\/legal-notice\/"},"modified":"2023-08-17T14:08:07","modified_gmt":"2023-08-17T14:08:07","slug":"legal-notice","status":"publish","type":"page","link":"https:\/\/www.itc-elastomeres.com\/en\/legal-notice\/","title":{"rendered":"Legal Notice"},"content":{"rendered":"<div class=\"wpb-content-wrapper\"><p>[vc_row row_height_percent=&#8221;0&#8243; override_padding=&#8221;yes&#8221; h_padding=&#8221;2&#8243; top_padding=&#8221;3&#8243; bottom_padding=&#8221;3&#8243; overlay_alpha=&#8221;50&#8243; gutter_size=&#8221;3&#8243; column_width_percent=&#8221;100&#8243; shift_y=&#8221;0&#8243; z_index=&#8221;0&#8243; uncode_shortcode_id=&#8221;820795&#8243; shape_dividers=&#8221;&#8221;][vc_column width=&#8221;1\/1&#8243;][vc_row_inner][vc_column_inner width=&#8221;1\/2&#8243;][vc_column_text uncode_shortcode_id=&#8221;163545&#8243;]<\/p>\n<h2>itc-elastomeres.com is published by the company:<\/h2>\n<p><strong>SASU ITC ELASTOMERES<\/strong><br \/>\nRoute de Pithiviers<br \/>\n91670 ANGERVILLE<br \/>\nFRANCE<\/p>\n<p>Editor in chief: Christophe Beauvais<\/p>\n<p>SIRET : 49033740900018<br \/>\nIntracommunity VAT: FR61490337409<br \/>\nRCS : Evry B 490 337 409<br \/>\nAPE : 2219Z<\/p>\n<p>Phone number: +33 (0)1 69 95 10 00<br \/>\nE-mail : <a href=\"&#109;&#x61;i&#x6c;&#x74;&#111;&#x3a;c&#x6f;&#x6e;&#116;&#x61;c&#x74;&#x40;&#105;&#x74;c&#x2d;&#x65;&#108;&#x61;s&#x74;&#x6f;&#109;&#x65;r&#x65;&#x73;&#46;&#x63;o&#x6d;\">con&#116;&#97;&#99;&#116;&#x40;&#x69;&#x74;&#x63;&#x2d;&#x65;&#x6c;ast&#111;&#109;&#101;&#114;&#101;&#x73;&#x2e;&#x63;&#x6f;&#x6d;<\/a>[\/vc_column_text][\/vc_column_inner][vc_column_inner width=&#8221;1\/2&#8243;][vc_column_text uncode_shortcode_id=&#8221;141988&#8243;]<\/p>\n<h2>The site is hosted by:<\/h2>\n<p>OVH<br \/>\n2 rue kellermann<br \/>\nBP 80157<br \/>\n59053 ROUBAIX Cedex 1<br \/>\nT\u00e9l\u00e9phone :+33 (0)8 203 203 63<br \/>\nE-mail : &#x73;u&#x70;&#112;o&#x72;&#116;&#x40;&#x6f;v&#x68;&#46;c&#x6f;&#109;<\/p>\n<h2>The site was created by:<\/h2>\n<p><strong>Agence web Enjin<\/strong><br \/>\nE-mail : <a href=\"&#109;&#x61;&#105;&#x6c;&#116;&#x6f;&#58;&#x63;&#111;&#x6e;&#116;&#x61;&#99;&#x74;&#64;&#x65;&#110;&#x6a;&#105;&#x6e;&#46;&#x66;&#114;\">c&#111;&#110;&#116;&#x61;&#x63;&#x74;&#64;e&#110;&#106;&#x69;&#x6e;&#x2e;&#x66;r<\/a><br \/>\nSite internet : <a href=\"https:\/\/www.enjin.fr\/\">www.enjin.fr<\/a>[\/vc_column_text][\/vc_column_inner][\/vc_row_inner][vc_column_text uncode_shortcode_id=&#8221;306877&#8243;]<\/p>\n<h2>Intellectual Properties<\/h2>\n<p>The contents of the itc-elastomeres.com site (structure, design, texts, images, animations, logo) are the exclusive property of ITC Elastomeres. Any use of elements of the itc-elastomeres.com site, including the reproduction, modification, distribution or republication, without the prior written authorization of the company ITC Elastomeres is strictly prohibited. Any request for authorization of total or partial reproduction of this site must be addressed to <a href=\"m&#97;&#x69;&#x6c;t&#111;&#58;&#x63;&#x6f;n&#116;&#97;&#x63;&#x74;&#64;&#105;&#x74;&#x63;&#x2d;e&#108;&#x61;&#x73;t&#111;&#109;&#x65;&#x72;e&#115;&#46;&#x63;&#x6f;m\">&#x63;&#x6f;&#x6e;&#x74;&#x61;&#99;&#116;&#64;&#105;tc-&#x65;&#x6c;&#x61;&#x73;&#x74;&#x6f;&#109;&#101;&#114;es&#46;&#x63;&#x6f;&#x6d;.<\/a><\/p>\n<h2>Limitation of Liability<\/h2>\n<p>The itc-elastomeres.com site cannot be held responsible for errors encountered on the site, technical problems, interpretation of published information and consequences of their use. Consequently, the user acknowledges using this information under his exclusive responsibility.[\/vc_column_text][\/vc_column][\/vc_row]<\/p>\n<\/div>","protected":false},"excerpt":{"rendered":"<p>[vc_row row_height_percent=&#8221;0&#8243; override_padding=&#8221;yes&#8221; h_padding=&#8221;2&#8243; top_padding=&#8221;3&#8243; bottom_padding=&#8221;3&#8243; overlay_alpha=&#8221;50&#8243; gutter_size=&#8221;3&#8243; column_width_percent=&#8221;100&#8243; shift_y=&#8221;0&#8243; z_index=&#8221;0&#8243; uncode_shortcode_id=&#8221;820795&#8243; shape_dividers=&#8221;&#8221;][vc_column width=&#8221;1\/1&#8243;][vc_row_inner][vc_column_inner width=&#8221;1\/2&#8243;][vc_column_text uncode_shortcode_id=&#8221;163545&#8243;] itc-elastomeres.com is published by [&hellip;]<\/p>\n","protected":false},"author":1,"featured_media":0,"parent":0,"menu_order":0,"comment_status":"closed","ping_status":"closed","template":"","meta":{"_acf_changed":false,"footnotes":""},"class_list":["post-2513","page","type-page","status-publish","hentry"],"acf":[],"yoast_head":"<!-- This site is optimized with the Yoast SEO plugin v27.6 - https:\/\/yoast.com\/product\/yoast-seo-wordpress\/ -->\n<title>Legal Notice - ITC \u00c9lastom\u00e8res<\/title>\n<meta name=\"robots\" content=\"index, follow, max-snippet:-1, max-image-preview:large, max-video-preview:-1\" \/>\n<link rel=\"canonical\" href=\"https:\/\/www.itc-elastomeres.com\/en\/legal-notice\/\" \/>\n<meta property=\"og:locale\" content=\"en_US\" \/>\n<meta property=\"og:type\" content=\"article\" \/>\n<meta property=\"og:title\" content=\"Legal Notice - ITC \u00c9lastom\u00e8res\" \/>\n<meta property=\"og:description\" content=\"[vc_row row_height_percent=&#8221;0&#8243; override_padding=&#8221;yes&#8221; h_padding=&#8221;2&#8243; top_padding=&#8221;3&#8243; bottom_padding=&#8221;3&#8243; overlay_alpha=&#8221;50&#8243; gutter_size=&#8221;3&#8243; column_width_percent=&#8221;100&#8243; shift_y=&#8221;0&#8243; z_index=&#8221;0&#8243; uncode_shortcode_id=&#8221;820795&#8243; shape_dividers=&#8221;&#8221;][vc_column width=&#8221;1\/1&#8243;][vc_row_inner][vc_column_inner width=&#8221;1\/2&#8243;][vc_column_text uncode_shortcode_id=&#8221;163545&#8243;] itc-elastomeres.com is published by [&hellip;]\" \/>\n<meta property=\"og:url\" content=\"https:\/\/www.itc-elastomeres.com\/en\/legal-notice\/\" \/>\n<meta property=\"og:site_name\" content=\"ITC \u00c9lastom\u00e8res\" \/>\n<meta property=\"article:modified_time\" content=\"2023-08-17T14:08:07+00:00\" \/>\n<meta name=\"twitter:card\" content=\"summary_large_image\" \/>\n<meta name=\"twitter:label1\" content=\"Est. reading time\" \/>\n\t<meta name=\"twitter:data1\" content=\"1 minute\" \/>\n<script type=\"application\/ld+json\" class=\"yoast-schema-graph\">{\"@context\":\"https:\\\/\\\/schema.org\",\"@graph\":[{\"@type\":\"WebPage\",\"@id\":\"https:\\\/\\\/www.itc-elastomeres.com\\\/en\\\/legal-notice\\\/\",\"url\":\"https:\\\/\\\/www.itc-elastomeres.com\\\/en\\\/legal-notice\\\/\",\"name\":\"Legal Notice - ITC \u00c9lastom\u00e8res\",\"isPartOf\":{\"@id\":\"https:\\\/\\\/www.itc-elastomeres.com\\\/en\\\/#website\"},\"datePublished\":\"2022-10-05T15:12:52+00:00\",\"dateModified\":\"2023-08-17T14:08:07+00:00\",\"breadcrumb\":{\"@id\":\"https:\\\/\\\/www.itc-elastomeres.com\\\/en\\\/legal-notice\\\/#breadcrumb\"},\"inLanguage\":\"en-US\",\"potentialAction\":[{\"@type\":\"ReadAction\",\"target\":[\"https:\\\/\\\/www.itc-elastomeres.com\\\/en\\\/legal-notice\\\/\"]}]},{\"@type\":\"BreadcrumbList\",\"@id\":\"https:\\\/\\\/www.itc-elastomeres.com\\\/en\\\/legal-notice\\\/#breadcrumb\",\"itemListElement\":[{\"@type\":\"ListItem\",\"position\":1,\"name\":\"Accueil\",\"item\":\"https:\\\/\\\/www.itc-elastomeres.com\\\/en\\\/home\\\/\"},{\"@type\":\"ListItem\",\"position\":2,\"name\":\"Legal Notice\"}]},{\"@type\":\"WebSite\",\"@id\":\"https:\\\/\\\/www.itc-elastomeres.com\\\/en\\\/#website\",\"url\":\"https:\\\/\\\/www.itc-elastomeres.com\\\/en\\\/\",\"name\":\"ITC \u00c9lastom\u00e8res\",\"description\":\"L&#039;ing\u00e9nierie \u00e9lastom\u00e8re haute performance\",\"potentialAction\":[{\"@type\":\"SearchAction\",\"target\":{\"@type\":\"EntryPoint\",\"urlTemplate\":\"https:\\\/\\\/www.itc-elastomeres.com\\\/en\\\/?s={search_term_string}\"},\"query-input\":{\"@type\":\"PropertyValueSpecification\",\"valueRequired\":true,\"valueName\":\"search_term_string\"}}],\"inLanguage\":\"en-US\"}]}<\/script>\n<!-- \/ Yoast SEO plugin. -->","yoast_head_json":{"title":"Legal Notice - ITC \u00c9lastom\u00e8res","robots":{"index":"index","follow":"follow","max-snippet":"max-snippet:-1","max-image-preview":"max-image-preview:large","max-video-preview":"max-video-preview:-1"},"canonical":"https:\/\/www.itc-elastomeres.com\/en\/legal-notice\/","og_locale":"en_US","og_type":"article","og_title":"Legal Notice - ITC \u00c9lastom\u00e8res","og_description":"[vc_row row_height_percent=&#8221;0&#8243; override_padding=&#8221;yes&#8221; h_padding=&#8221;2&#8243; top_padding=&#8221;3&#8243; bottom_padding=&#8221;3&#8243; overlay_alpha=&#8221;50&#8243; gutter_size=&#8221;3&#8243; column_width_percent=&#8221;100&#8243; shift_y=&#8221;0&#8243; z_index=&#8221;0&#8243; uncode_shortcode_id=&#8221;820795&#8243; shape_dividers=&#8221;&#8221;][vc_column width=&#8221;1\/1&#8243;][vc_row_inner][vc_column_inner width=&#8221;1\/2&#8243;][vc_column_text uncode_shortcode_id=&#8221;163545&#8243;] itc-elastomeres.com is published by [&hellip;]","og_url":"https:\/\/www.itc-elastomeres.com\/en\/legal-notice\/","og_site_name":"ITC \u00c9lastom\u00e8res","article_modified_time":"2023-08-17T14:08:07+00:00","twitter_card":"summary_large_image","twitter_misc":{"Est. reading time":"1 minute"},"schema":{"@context":"https:\/\/schema.org","@graph":[{"@type":"WebPage","@id":"https:\/\/www.itc-elastomeres.com\/en\/legal-notice\/","url":"https:\/\/www.itc-elastomeres.com\/en\/legal-notice\/","name":"Legal Notice - ITC \u00c9lastom\u00e8res","isPartOf":{"@id":"https:\/\/www.itc-elastomeres.com\/en\/#website"},"datePublished":"2022-10-05T15:12:52+00:00","dateModified":"2023-08-17T14:08:07+00:00","breadcrumb":{"@id":"https:\/\/www.itc-elastomeres.com\/en\/legal-notice\/#breadcrumb"},"inLanguage":"en-US","potentialAction":[{"@type":"ReadAction","target":["https:\/\/www.itc-elastomeres.com\/en\/legal-notice\/"]}]},{"@type":"BreadcrumbList","@id":"https:\/\/www.itc-elastomeres.com\/en\/legal-notice\/#breadcrumb","itemListElement":[{"@type":"ListItem","position":1,"name":"Accueil","item":"https:\/\/www.itc-elastomeres.com\/en\/home\/"},{"@type":"ListItem","position":2,"name":"Legal Notice"}]},{"@type":"WebSite","@id":"https:\/\/www.itc-elastomeres.com\/en\/#website","url":"https:\/\/www.itc-elastomeres.com\/en\/","name":"ITC \u00c9lastom\u00e8res","description":"L&#039;ing\u00e9nierie \u00e9lastom\u00e8re haute performance","potentialAction":[{"@type":"SearchAction","target":{"@type":"EntryPoint","urlTemplate":"https:\/\/www.itc-elastomeres.com\/en\/?s={search_term_string}"},"query-input":{"@type":"PropertyValueSpecification","valueRequired":true,"valueName":"search_term_string"}}],"inLanguage":"en-US"}]}},"_links":{"self":[{"href":"https:\/\/www.itc-elastomeres.com\/en\/wp-json\/wp\/v2\/pages\/2513","targetHints":{"allow":["GET"]}}],"collection":[{"href":"https:\/\/www.itc-elastomeres.com\/en\/wp-json\/wp\/v2\/pages"}],"about":[{"href":"https:\/\/www.itc-elastomeres.com\/en\/wp-json\/wp\/v2\/types\/page"}],"author":[{"embeddable":true,"href":"https:\/\/www.itc-elastomeres.com\/en\/wp-json\/wp\/v2\/users\/1"}],"replies":[{"embeddable":true,"href":"https:\/\/www.itc-elastomeres.com\/en\/wp-json\/wp\/v2\/comments?post=2513"}],"version-history":[{"count":2,"href":"https:\/\/www.itc-elastomeres.com\/en\/wp-json\/wp\/v2\/pages\/2513\/revisions"}],"predecessor-version":[{"id":2515,"href":"https:\/\/www.itc-elastomeres.com\/en\/wp-json\/wp\/v2\/pages\/2513\/revisions\/2515"}],"wp:attachment":[{"href":"https:\/\/www.itc-elastomeres.com\/en\/wp-json\/wp\/v2\/media?parent=2513"}],"curies":[{"name":"wp","href":"https:\/\/api.w.org\/{rel}","templated":true}]}}