{"id":2510,"date":"2022-07-01T13:12:54","date_gmt":"2022-07-01T13:12:54","guid":{"rendered":"https:\/\/www.itc-elastomeres.com\/elastomer-formulation\/"},"modified":"2023-08-17T14:01:18","modified_gmt":"2023-08-17T14:01:18","slug":"elastomer-formulation","status":"publish","type":"page","link":"https:\/\/www.itc-elastomeres.com\/en\/elastomer-formulation\/","title":{"rendered":"Elastomer formulation"},"content":{"rendered":"<div class=\"wpb-content-wrapper\"><p>[vc_row row_height_percent=&#8221;0&#8243; overlay_alpha=&#8221;50&#8243; gutter_size=&#8221;3&#8243; column_width_percent=&#8221;100&#8243; shift_y=&#8221;0&#8243; z_index=&#8221;0&#8243; uncode_shortcode_id=&#8221;124667&#8243;][vc_column width=&#8221;1\/3&#8243;][vc_custom_heading uncode_shortcode_id=&#8221;165945&#8243;]The expertise in elastomer compounds[\/vc_custom_heading][vc_column_text uncode_shortcode_id=&#8221;135367&#8243;]Are you looking for a homologated elastomer that meets precise specifications?<\/p>\n<p>Look no further, ITC Elastom\u00e8res has a Formulation R&amp;D unit capable of producing compounds that are perfectly suited to the constraints and working environment of your parts. The ITC team guides you in choosing the elastomer according to your thermal, chemical or mechanical constraints.[\/vc_column_text][vc_single_image media=&#8221;747&#8243; media_width_percent=&#8221;100&#8243; uncode_shortcode_id=&#8221;507250&#8243;][\/vc_column][vc_column width=&#8221;1\/3&#8243;][vc_custom_heading heading_semantic=&#8221;h3&#8243; uncode_shortcode_id=&#8221;175255&#8243;]Raw materials for quality elastomers[\/vc_custom_heading][vc_single_image media=&#8221;1210&#8243; media_width_percent=&#8221;100&#8243; uncode_shortcode_id=&#8221;974721&#8243;][vc_column_text uncode_shortcode_id=&#8221;193763&#8243;]ITC Elastom\u00e8res manages its elastomer formulations.<\/p>\n<p>With our experience of nearly 50 years, we select quality raw materials and specific additives from approved suppliers. We master all the components of elastomer formulations: fillers (silica, kaolin, talc, carbon black), plasticizers, vulcanization agents or accelerators, various additives (to facilitate implementation, for protection against dioxygen, ozone , heat, flame, UV etc.).[\/vc_column_text][\/vc_column][vc_column width=&#8221;1\/3&#8243;][vc_custom_heading heading_semantic=&#8221;h3&#8243; uncode_shortcode_id=&#8221;112381&#8243;]<strong>Characterization and quality control<\/strong>[\/vc_custom_heading][vc_column_text uncode_shortcode_id=&#8221;166270&#8243;]Our elastomer formulations are manufactured in compliance with ISO 9001 and EN 9100 standards. We have our own material characterization laboratory and precisely control each batch to ensure the quality of your parts.[\/vc_column_text][vc_single_image media=&#8221;724&#8243; media_width_percent=&#8221;100&#8243; uncode_shortcode_id=&#8221;127811&#8243;][\/vc_column][\/vc_row][vc_row row_height_percent=&#8221;0&#8243; overlay_alpha=&#8221;50&#8243; gutter_size=&#8221;3&#8243; column_width_percent=&#8221;100&#8243; shift_y=&#8221;0&#8243; z_index=&#8221;0&#8243; uncode_shortcode_id=&#8221;147831&#8243; el_id=&#8221;plus-minus-material&#8221;][vc_column column_width_percent=&#8221;100&#8243; align_horizontal=&#8221;align_center&#8221; gutter_size=&#8221;3&#8243; overlay_alpha=&#8221;50&#8243; shift_x=&#8221;0&#8243; shift_y=&#8221;0&#8243; shift_y_down=&#8221;0&#8243; z_index=&#8221;0&#8243; medium_width=&#8221;0&#8243; mobile_width=&#8221;0&#8243; width=&#8221;1\/1&#8243; uncode_shortcode_id=&#8221;495628&#8243;][vc_custom_heading heading_semantic=&#8221;h3&#8243; uncode_shortcode_id=&#8221;210899&#8243;]<strong>Classification and coding<br \/>\nof the main elastomers we use<\/strong>[\/vc_custom_heading][vc_row_inner limit_content=&#8221;&#8221;][vc_column_inner column_width_percent=&#8221;100&#8243; gutter_size=&#8221;3&#8243; overlay_alpha=&#8221;50&#8243; shift_x=&#8221;0&#8243; shift_y=&#8221;0&#8243; shift_y_down=&#8221;0&#8243; z_index=&#8221;0&#8243; medium_width=&#8221;0&#8243; mobile_width=&#8221;0&#8243; width=&#8221;1\/1&#8243; uncode_shortcode_id=&#8221;553603&#8243;][vc_column_text uncode_shortcode_id=&#8221;182298&#8243; el_class=&#8221;table&#8221;]<\/p>\n<table class=\"solutions-table\">\n<thead>\n<tr>\n<th>SYMBOL<\/th>\n<th>CHEMICAL NAME<\/th>\n<th>COMMERCIAL NAME<\/th>\n<\/tr>\n<\/thead>\n<tbody>\n<tr>\n<td>NR<\/td>\n<td>Natural Rubber<\/td>\n<td><\/td>\n<\/tr>\n<tr>\n<td>IIR<\/td>\n<td>Isobutylene Isoprene Rubber<\/td>\n<td>X-Butyl\u00ae<br \/>\nEXXON\u00ae Butyl<\/td>\n<\/tr>\n<tr>\n<td>EPDM<\/td>\n<td>Ethylene Propylene Diene Monomer rubber<\/td>\n<td>Keltan\u00ae, Vistalon\u00ae,Nordel\u00ae, Dutral\u00ae,Royalene\u00ae,Buna AP\u00ae,Polysar EPDM\u00ae<\/td>\n<\/tr>\n<tr>\n<td>CR<\/td>\n<td>Chloroprene Rubber<\/td>\n<td>Butaclor\u00ae, Baypren\u00ae, Neopr\u00e8ne\u00ae, Denka Chloropr\u00e8ne\u00ae<\/td>\n<\/tr>\n<tr>\n<td>NBR<\/td>\n<td>Nitrile-Butadiene Rubber, also called Nitrile Rubber<\/td>\n<td>Krynac\u00ae, Perbunan\u00ae, Europr\u00e8ne\u00ae, Hycar\u00ae, Chemigum\u00ae, Nipol\u00ae, Br\u00e9on\u00ae<\/td>\n<\/tr>\n<tr>\n<td>HNBR<\/td>\n<td>Hydrogenated Nitrile Butadiene Rubber, also known as Highly Saturated Nitrile<\/td>\n<td>Therban\u00ae, Zetpol\u00ae<\/td>\n<\/tr>\n<tr>\n<td>AU \/ EU<\/td>\n<td>\n<p>Polyurethane Rubber<\/p>\n<p>AU: Polyesterurethane<\/p>\n<p>EU: Polyetherurethane<\/td>\n<td>Millathane\u00ae, Urepan\u00ae<\/td>\n<\/tr>\n<tr>\n<td>VMQ<\/td>\n<td>Silicone Rubber with Vinyl and Methyl<\/td>\n<td>Silastic\u00ae, RBB Xiameter\u00ae, Silplus\u00ae, Silicone\u00ae, Rhodorsil\u00ae, Silopren\u00ae<\/td>\n<\/tr>\n<tr>\n<td>FVMQ<\/td>\n<td>Silicone Rubber with Vinyl, Methyl and Fluor<\/td>\n<td>FSE Momentive\u00ae, FE Shin Etsu\u00ae<\/td>\n<\/tr>\n<tr>\n<td>FKM<\/td>\n<td>Fluorine Rubber<\/td>\n<td>Viton\u00ae, Technoflon\u00ae, DAI-EL\u00ae, Fluorel\u00ae, Aflas\u00ae<\/td>\n<\/tr>\n<tr>\n<td>FFKM<\/td>\n<td>Perfluoroelastomer rubber<\/td>\n<td>Kalrez\u00ae, Chemraz\u00ae, Simriz\u00ae, Chrilaz\u00ae<\/td>\n<\/tr>\n<\/tbody>\n<\/table>\n<p>[\/vc_column_text][\/vc_column_inner][\/vc_row_inner][\/vc_column][\/vc_row]<\/p>\n<\/div>","protected":false},"excerpt":{"rendered":"<p>[vc_row row_height_percent=&#8221;0&#8243; overlay_alpha=&#8221;50&#8243; gutter_size=&#8221;3&#8243; column_width_percent=&#8221;100&#8243; shift_y=&#8221;0&#8243; z_index=&#8221;0&#8243; uncode_shortcode_id=&#8221;124667&#8243;][vc_column width=&#8221;1\/3&#8243;][vc_custom_heading uncode_shortcode_id=&#8221;165945&#8243;]The expertise in elastomer compounds[\/vc_custom_heading][vc_column_text uncode_shortcode_id=&#8221;135367&#8243;]Are you looking for a homologated [&hellip;]<\/p>\n","protected":false},"author":1,"featured_media":0,"parent":0,"menu_order":0,"comment_status":"closed","ping_status":"closed","template":"","meta":{"_acf_changed":false,"footnotes":""},"class_list":["post-2510","page","type-page","status-publish","hentry"],"acf":[],"yoast_head":"<!-- This site is optimized with the Yoast SEO plugin v27.6 - https:\/\/yoast.com\/product\/yoast-seo-wordpress\/ -->\n<title>Formulation of our elastomer parts - ITC Elastom\u00e8res<\/title>\n<meta name=\"description\" content=\"ITC Elastom\u00e8res, elastomer formulation manufacturer - use of different rubber overmolding processes for different parts\" \/>\n<meta name=\"robots\" content=\"index, follow, max-snippet:-1, max-image-preview:large, max-video-preview:-1\" \/>\n<link rel=\"canonical\" href=\"https:\/\/www.itc-elastomeres.com\/en\/elastomer-formulation\/\" \/>\n<meta property=\"og:locale\" content=\"en_US\" \/>\n<meta property=\"og:type\" content=\"article\" \/>\n<meta property=\"og:title\" content=\"Formulation of our elastomer parts - ITC Elastom\u00e8res\" \/>\n<meta property=\"og:description\" content=\"ITC Elastom\u00e8res, elastomer formulation manufacturer - use of different rubber overmolding processes for different parts\" \/>\n<meta property=\"og:url\" content=\"https:\/\/www.itc-elastomeres.com\/en\/elastomer-formulation\/\" \/>\n<meta property=\"og:site_name\" content=\"ITC \u00c9lastom\u00e8res\" \/>\n<meta property=\"article:modified_time\" content=\"2023-08-17T14:01:18+00:00\" \/>\n<meta name=\"twitter:card\" content=\"summary_large_image\" \/>\n<meta name=\"twitter:label1\" content=\"Est. reading time\" \/>\n\t<meta name=\"twitter:data1\" content=\"3 minutes\" \/>\n<script type=\"application\/ld+json\" class=\"yoast-schema-graph\">{\"@context\":\"https:\\\/\\\/schema.org\",\"@graph\":[{\"@type\":\"WebPage\",\"@id\":\"https:\\\/\\\/www.itc-elastomeres.com\\\/en\\\/elastomer-formulation\\\/\",\"url\":\"https:\\\/\\\/www.itc-elastomeres.com\\\/en\\\/elastomer-formulation\\\/\",\"name\":\"Formulation of our elastomer parts - ITC Elastom\u00e8res\",\"isPartOf\":{\"@id\":\"https:\\\/\\\/www.itc-elastomeres.com\\\/en\\\/#website\"},\"datePublished\":\"2022-07-01T13:12:54+00:00\",\"dateModified\":\"2023-08-17T14:01:18+00:00\",\"description\":\"ITC Elastom\u00e8res, elastomer formulation manufacturer - use of different rubber overmolding processes for different parts\",\"breadcrumb\":{\"@id\":\"https:\\\/\\\/www.itc-elastomeres.com\\\/en\\\/elastomer-formulation\\\/#breadcrumb\"},\"inLanguage\":\"en-US\",\"potentialAction\":[{\"@type\":\"ReadAction\",\"target\":[\"https:\\\/\\\/www.itc-elastomeres.com\\\/en\\\/elastomer-formulation\\\/\"]}]},{\"@type\":\"BreadcrumbList\",\"@id\":\"https:\\\/\\\/www.itc-elastomeres.com\\\/en\\\/elastomer-formulation\\\/#breadcrumb\",\"itemListElement\":[{\"@type\":\"ListItem\",\"position\":1,\"name\":\"Accueil\",\"item\":\"https:\\\/\\\/www.itc-elastomeres.com\\\/en\\\/home\\\/\"},{\"@type\":\"ListItem\",\"position\":2,\"name\":\"Elastomer formulation\"}]},{\"@type\":\"WebSite\",\"@id\":\"https:\\\/\\\/www.itc-elastomeres.com\\\/en\\\/#website\",\"url\":\"https:\\\/\\\/www.itc-elastomeres.com\\\/en\\\/\",\"name\":\"ITC \u00c9lastom\u00e8res\",\"description\":\"L&#039;ing\u00e9nierie \u00e9lastom\u00e8re haute performance\",\"potentialAction\":[{\"@type\":\"SearchAction\",\"target\":{\"@type\":\"EntryPoint\",\"urlTemplate\":\"https:\\\/\\\/www.itc-elastomeres.com\\\/en\\\/?s={search_term_string}\"},\"query-input\":{\"@type\":\"PropertyValueSpecification\",\"valueRequired\":true,\"valueName\":\"search_term_string\"}}],\"inLanguage\":\"en-US\"}]}<\/script>\n<!-- \/ Yoast SEO plugin. -->","yoast_head_json":{"title":"Formulation of our elastomer parts - ITC Elastom\u00e8res","description":"ITC Elastom\u00e8res, elastomer formulation manufacturer - use of different rubber overmolding processes for different parts","robots":{"index":"index","follow":"follow","max-snippet":"max-snippet:-1","max-image-preview":"max-image-preview:large","max-video-preview":"max-video-preview:-1"},"canonical":"https:\/\/www.itc-elastomeres.com\/en\/elastomer-formulation\/","og_locale":"en_US","og_type":"article","og_title":"Formulation of our elastomer parts - ITC Elastom\u00e8res","og_description":"ITC Elastom\u00e8res, elastomer formulation manufacturer - use of different rubber overmolding processes for different parts","og_url":"https:\/\/www.itc-elastomeres.com\/en\/elastomer-formulation\/","og_site_name":"ITC \u00c9lastom\u00e8res","article_modified_time":"2023-08-17T14:01:18+00:00","twitter_card":"summary_large_image","twitter_misc":{"Est. reading time":"3 minutes"},"schema":{"@context":"https:\/\/schema.org","@graph":[{"@type":"WebPage","@id":"https:\/\/www.itc-elastomeres.com\/en\/elastomer-formulation\/","url":"https:\/\/www.itc-elastomeres.com\/en\/elastomer-formulation\/","name":"Formulation of our elastomer parts - ITC Elastom\u00e8res","isPartOf":{"@id":"https:\/\/www.itc-elastomeres.com\/en\/#website"},"datePublished":"2022-07-01T13:12:54+00:00","dateModified":"2023-08-17T14:01:18+00:00","description":"ITC Elastom\u00e8res, elastomer formulation manufacturer - use of different rubber overmolding processes for different parts","breadcrumb":{"@id":"https:\/\/www.itc-elastomeres.com\/en\/elastomer-formulation\/#breadcrumb"},"inLanguage":"en-US","potentialAction":[{"@type":"ReadAction","target":["https:\/\/www.itc-elastomeres.com\/en\/elastomer-formulation\/"]}]},{"@type":"BreadcrumbList","@id":"https:\/\/www.itc-elastomeres.com\/en\/elastomer-formulation\/#breadcrumb","itemListElement":[{"@type":"ListItem","position":1,"name":"Accueil","item":"https:\/\/www.itc-elastomeres.com\/en\/home\/"},{"@type":"ListItem","position":2,"name":"Elastomer formulation"}]},{"@type":"WebSite","@id":"https:\/\/www.itc-elastomeres.com\/en\/#website","url":"https:\/\/www.itc-elastomeres.com\/en\/","name":"ITC \u00c9lastom\u00e8res","description":"L&#039;ing\u00e9nierie \u00e9lastom\u00e8re haute performance","potentialAction":[{"@type":"SearchAction","target":{"@type":"EntryPoint","urlTemplate":"https:\/\/www.itc-elastomeres.com\/en\/?s={search_term_string}"},"query-input":{"@type":"PropertyValueSpecification","valueRequired":true,"valueName":"search_term_string"}}],"inLanguage":"en-US"}]}},"_links":{"self":[{"href":"https:\/\/www.itc-elastomeres.com\/en\/wp-json\/wp\/v2\/pages\/2510","targetHints":{"allow":["GET"]}}],"collection":[{"href":"https:\/\/www.itc-elastomeres.com\/en\/wp-json\/wp\/v2\/pages"}],"about":[{"href":"https:\/\/www.itc-elastomeres.com\/en\/wp-json\/wp\/v2\/types\/page"}],"author":[{"embeddable":true,"href":"https:\/\/www.itc-elastomeres.com\/en\/wp-json\/wp\/v2\/users\/1"}],"replies":[{"embeddable":true,"href":"https:\/\/www.itc-elastomeres.com\/en\/wp-json\/wp\/v2\/comments?post=2510"}],"version-history":[{"count":2,"href":"https:\/\/www.itc-elastomeres.com\/en\/wp-json\/wp\/v2\/pages\/2510\/revisions"}],"predecessor-version":[{"id":2512,"href":"https:\/\/www.itc-elastomeres.com\/en\/wp-json\/wp\/v2\/pages\/2510\/revisions\/2512"}],"wp:attachment":[{"href":"https:\/\/www.itc-elastomeres.com\/en\/wp-json\/wp\/v2\/media?parent=2510"}],"curies":[{"name":"wp","href":"https:\/\/api.w.org\/{rel}","templated":true}]}}